{"id":3539,"date":"2024-09-25T13:41:00","date_gmt":"2024-09-25T13:41:00","guid":{"rendered":"https:\/\/schule-katzwang.de\/?page_id=3539"},"modified":"2025-09-15T13:36:30","modified_gmt":"2025-09-15T13:36:30","slug":"dokumente-news","status":"publish","type":"page","link":"https:\/\/schule-katzwang.de\/?page_id=3539","title":{"rendered":"Neuigkeiten | Mitteilungen"},"content":{"rendered":"\n<p class=\"has-pale-ocean-gradient-background has-background\">Hier finden Sie Dokumente und Neuigkeiten unterschiedlicher Art (z.B. Internetauftritte, pdf-Dokumente u.a.). Bitte informieren Sie sich regelm\u00e4\u00dfig! <\/p>\n\n\n\n<h2 class=\"wp-block-heading\">#15.09.2025 #webuntis #how-to<\/h2>\n\n\n\n<div class=\"wp-block-file\"><a id=\"wp-block-file--media-45af432a-74de-42d9-ab44-f202a4b86c9f\" href=\"https:\/\/schule-katzwang.de\/wp-content\/uploads\/2025\/09\/Registrierung-Webuntis-Eltern.pdf\">Registrierung Webuntis Eltern<\/a><a href=\"https:\/\/schule-katzwang.de\/wp-content\/uploads\/2025\/09\/Registrierung-Webuntis-Eltern.pdf\" class=\"wp-block-file__button wp-element-button\" download aria-describedby=\"wp-block-file--media-45af432a-74de-42d9-ab44-f202a4b86c9f\">Herunterladen<\/a><\/div>\n\n\n\n<div class=\"wp-block-file\"><a id=\"wp-block-file--media-2dd6344f-e58d-4007-a99d-0f101c429249\" href=\"https:\/\/schule-katzwang.de\/wp-content\/uploads\/2025\/09\/Webuntis-Passwort-vergessen.pdf\">Webuntis Passwort vergessen<\/a><a href=\"https:\/\/schule-katzwang.de\/wp-content\/uploads\/2025\/09\/Webuntis-Passwort-vergessen.pdf\" class=\"wp-block-file__button wp-element-button\" download aria-describedby=\"wp-block-file--media-2dd6344f-e58d-4007-a99d-0f101c429249\">Herunterladen<\/a><\/div>\n\n\n\n<div class=\"wp-block-file\"><a id=\"wp-block-file--media-053c17c5-295a-490b-9608-0c7cfb3be5e7\" href=\"https:\/\/schule-katzwang.de\/wp-content\/uploads\/2025\/09\/Webuntis-Krankmeldung.pdf\">Webuntis Krankmeldung<\/a><a href=\"https:\/\/schule-katzwang.de\/wp-content\/uploads\/2025\/09\/Webuntis-Krankmeldung.pdf\" class=\"wp-block-file__button wp-element-button\" download aria-describedby=\"wp-block-file--media-053c17c5-295a-490b-9608-0c7cfb3be5e7\">Herunterladen<\/a><\/div>\n\n\n\n<h2 class=\"wp-block-heading\">#26.03.2025 #einladung #mitgliederversammlung #f\u00f6rderverein<\/h2>\n\n\n\n<div class=\"wp-block-file\"><a id=\"wp-block-file--media-5a626791-050f-48ad-b3b1-890bad0207aa\" href=\"https:\/\/schule-katzwang.de\/wp-content\/uploads\/2025\/03\/Foerderverein_Einladung-MV-April-2025-ENTWURF2-1.pdf\">Fo\u0308rderverein_Einladung MV April 2025 ENTWURF2<\/a><a href=\"https:\/\/schule-katzwang.de\/wp-content\/uploads\/2025\/03\/Foerderverein_Einladung-MV-April-2025-ENTWURF2-1.pdf\" class=\"wp-block-file__button wp-element-button\" download aria-describedby=\"wp-block-file--media-5a626791-050f-48ad-b3b1-890bad0207aa\">Herunterladen<\/a><\/div>\n","protected":false},"excerpt":{"rendered":"<p>Hier finden Sie Dokumente und Neuigkeiten unterschiedlicher Art (z.B. Internetauftritte, pdf-Dokumente u.a.). Bitte informieren Sie sich regelm\u00e4\u00dfig! #15.09.2025 #webuntis #how-to #26.03.2025 #einladung #mitgliederversammlung #f\u00f6rderverein<\/p>\n","protected":false},"author":1,"featured_media":0,"parent":0,"menu_order":0,"comment_status":"closed","ping_status":"closed","template":"","meta":{"ngg_post_thumbnail":0,"footnotes":""},"class_list":["post-3539","page","type-page","status-publish","hentry"],"_links":{"self":[{"href":"https:\/\/schule-katzwang.de\/index.php?rest_route=\/wp\/v2\/pages\/3539","targetHints":{"allow":["GET"]}}],"collection":[{"href":"https:\/\/schule-katzwang.de\/index.php?rest_route=\/wp\/v2\/pages"}],"about":[{"href":"https:\/\/schule-katzwang.de\/index.php?rest_route=\/wp\/v2\/types\/page"}],"author":[{"embeddable":true,"href":"https:\/\/schule-katzwang.de\/index.php?rest_route=\/wp\/v2\/users\/1"}],"replies":[{"embeddable":true,"href":"https:\/\/schule-katzwang.de\/index.php?rest_route=%2Fwp%2Fv2%2Fcomments&post=3539"}],"version-history":[{"count":5,"href":"https:\/\/schule-katzwang.de\/index.php?rest_route=\/wp\/v2\/pages\/3539\/revisions"}],"predecessor-version":[{"id":3669,"href":"https:\/\/schule-katzwang.de\/index.php?rest_route=\/wp\/v2\/pages\/3539\/revisions\/3669"}],"wp:attachment":[{"href":"https:\/\/schule-katzwang.de\/index.php?rest_route=%2Fwp%2Fv2%2Fmedia&parent=3539"}],"curies":[{"name":"wp","href":"https:\/\/api.w.org\/{rel}","templated":true}]}}