{"id":3520,"date":"2024-09-25T07:19:42","date_gmt":"2024-09-25T07:19:42","guid":{"rendered":"https:\/\/schule-katzwang.de\/?page_id=3520"},"modified":"2025-05-13T15:31:18","modified_gmt":"2025-05-13T15:31:18","slug":"kollegium","status":"publish","type":"page","link":"https:\/\/schule-katzwang.de\/?page_id=3520","title":{"rendered":"Kollegium | Lehrk\u00f6rper"},"content":{"rendered":"\n<figure class=\"wp-block-image size-large\"><a href=\"https:\/\/schule-katzwang.de\/wp-content\/uploads\/2022\/03\/peace_internet_klein.jpg\"><img loading=\"lazy\" decoding=\"async\" width=\"1024\" height=\"615\" src=\"https:\/\/schule-katzwang.de\/wp-content\/uploads\/2022\/03\/peace_internet_klein-1024x615.jpg\" alt=\"\" class=\"wp-image-2948\" srcset=\"https:\/\/schule-katzwang.de\/wp-content\/uploads\/2022\/03\/peace_internet_klein-1024x615.jpg 1024w, https:\/\/schule-katzwang.de\/wp-content\/uploads\/2022\/03\/peace_internet_klein-300x180.jpg 300w, https:\/\/schule-katzwang.de\/wp-content\/uploads\/2022\/03\/peace_internet_klein-768x462.jpg 768w, https:\/\/schule-katzwang.de\/wp-content\/uploads\/2022\/03\/peace_internet_klein-500x300.jpg 500w, https:\/\/schule-katzwang.de\/wp-content\/uploads\/2022\/03\/peace_internet_klein.jpg 1080w\" sizes=\"auto, (max-width: 1024px) 100vw, 1024px\" \/><\/a><\/figure>\n\n\n\n<figure class=\"wp-block-table\"><table class=\"has-fixed-layout\"><thead><tr><th>Grundschule | <br>Eckdaten im Schuljahr 2024\/2025<\/th><th>Quantit\u00e4t<\/th><\/tr><\/thead><tbody><tr><td>Hauptamtliche Lehrkr\u00e4fte: <\/td><td>23<\/td><\/tr><tr><td>Sch\u00fclerinnen und Sch\u00fcler:<\/td><td>350<\/td><\/tr><\/tbody><\/table><\/figure>\n\n\n\n<figure class=\"wp-block-table\"><table class=\"has-fixed-layout\"><thead><tr><th>Mittelschule | <br>Eckdaten im Schuljahr 2024\/2025<\/th><th>Quantit\u00e4t<\/th><\/tr><\/thead><tbody><tr><td>Hauptamtliche Lehrkr\u00e4fte: <\/td><td>20<\/td><\/tr><tr><td>Sch\u00fclerinnen und Sch\u00fcler:<\/td><td>167<\/td><\/tr><\/tbody><\/table><\/figure>\n","protected":false},"excerpt":{"rendered":"<p>Grundschule | Eckdaten im Schuljahr 2024\/2025 Quantit\u00e4t Hauptamtliche Lehrkr\u00e4fte: 23 Sch\u00fclerinnen und Sch\u00fcler: 350 Mittelschule | Eckdaten im Schuljahr 2024\/2025 Quantit\u00e4t Hauptamtliche Lehrkr\u00e4fte: 20 Sch\u00fclerinnen und Sch\u00fcler: 167<\/p>\n","protected":false},"author":1,"featured_media":0,"parent":0,"menu_order":0,"comment_status":"closed","ping_status":"closed","template":"","meta":{"ngg_post_thumbnail":0,"footnotes":""},"class_list":["post-3520","page","type-page","status-publish","hentry"],"_links":{"self":[{"href":"https:\/\/schule-katzwang.de\/index.php?rest_route=\/wp\/v2\/pages\/3520","targetHints":{"allow":["GET"]}}],"collection":[{"href":"https:\/\/schule-katzwang.de\/index.php?rest_route=\/wp\/v2\/pages"}],"about":[{"href":"https:\/\/schule-katzwang.de\/index.php?rest_route=\/wp\/v2\/types\/page"}],"author":[{"embeddable":true,"href":"https:\/\/schule-katzwang.de\/index.php?rest_route=\/wp\/v2\/users\/1"}],"replies":[{"embeddable":true,"href":"https:\/\/schule-katzwang.de\/index.php?rest_route=%2Fwp%2Fv2%2Fcomments&post=3520"}],"version-history":[{"count":5,"href":"https:\/\/schule-katzwang.de\/index.php?rest_route=\/wp\/v2\/pages\/3520\/revisions"}],"predecessor-version":[{"id":3627,"href":"https:\/\/schule-katzwang.de\/index.php?rest_route=\/wp\/v2\/pages\/3520\/revisions\/3627"}],"wp:attachment":[{"href":"https:\/\/schule-katzwang.de\/index.php?rest_route=%2Fwp%2Fv2%2Fmedia&parent=3520"}],"curies":[{"name":"wp","href":"https:\/\/api.w.org\/{rel}","templated":true}]}}