{"id":3348,"date":"2024-02-20T10:15:53","date_gmt":"2024-02-20T10:15:53","guid":{"rendered":"https:\/\/schule-katzwang.de\/?page_id=3348"},"modified":"2024-02-28T12:27:02","modified_gmt":"2024-02-28T12:27:02","slug":"schultheater-ag","status":"publish","type":"page","link":"https:\/\/schule-katzwang.de\/?page_id=3348","title":{"rendered":"Schultheater"},"content":{"rendered":"\n<p class=\"has-medium-font-size\"><strong>Ausflug der Theater AG<\/strong><\/p>\n\n\n\n<p>Der F\u00f6rderverein der Grund- und Mittelschule Katzwang hat es den Kindern der Theater AG erm\u00f6glicht, bei einem Drehtag eines Kinderfilms dabei zu sein. Bei der Produktion von &#8222;Amalias geheimes Tagebuch&#8220; durften die kleinen Schauspieler:innen unserer Schule den Gro\u00dfen \u00fcber die Schulter schauen. F\u00fcr die Schauspielerinnen und Schauspieler und insbesondere f\u00fcr die Kinder war dies ein ganz besonderer Tag.<br>Viktoria meinte: Ich fand es sch\u00f6n, weil man hinter die Kulissen schauen d\u00fcrfte. Dass man Fragen stellen durfte, fand ich auch toll.<br>Julia erz\u00e4hlte: Es war spannend und gleichzeitig interessant dabei zu zusehen, wie alle ihren Job gemacht haben. So viele Leute standen da.<br>Viktoria erg\u00e4nzte: An unserem Ausflug fand ich besonders toll, dass wir \u00fcberhaupt zuschauen durften. Als wir die Autogramme gekriegt haben, habe ich mich sehr gefreut. Es hat sehr viel Spa\u00df gemacht und ich habe viel gelernt.<br>In diesem Sinne hat der F\u00f6rderverein seinem Namen alle Ehre gemacht und das Interesse unserer kleinen Schauspieler:innen noch weiter gef\u00f6rdert.<\/p>\n\n\n\n<figure class=\"wp-block-gallery has-nested-images columns-default is-cropped wp-block-gallery-1 is-layout-flex wp-block-gallery-is-layout-flex\">\n<figure class=\"wp-block-image size-large\"><a href=\"https:\/\/schule-katzwang.de\/wp-content\/uploads\/2023\/12\/IMG_20230420_170442-scaled.jpg\"><img loading=\"lazy\" decoding=\"async\" width=\"1024\" height=\"577\" data-id=\"3311\" src=\"https:\/\/schule-katzwang.de\/wp-content\/uploads\/2023\/12\/IMG_20230420_170442-1024x577.jpg\" alt=\"\" class=\"wp-image-3311\" srcset=\"https:\/\/schule-katzwang.de\/wp-content\/uploads\/2023\/12\/IMG_20230420_170442-1024x577.jpg 1024w, https:\/\/schule-katzwang.de\/wp-content\/uploads\/2023\/12\/IMG_20230420_170442-300x169.jpg 300w, https:\/\/schule-katzwang.de\/wp-content\/uploads\/2023\/12\/IMG_20230420_170442-768x432.jpg 768w, https:\/\/schule-katzwang.de\/wp-content\/uploads\/2023\/12\/IMG_20230420_170442-1536x865.jpg 1536w, https:\/\/schule-katzwang.de\/wp-content\/uploads\/2023\/12\/IMG_20230420_170442-2048x1153.jpg 2048w, https:\/\/schule-katzwang.de\/wp-content\/uploads\/2023\/12\/IMG_20230420_170442-500x282.jpg 500w\" sizes=\"auto, (max-width: 1024px) 100vw, 1024px\" \/><\/a><\/figure>\n<\/figure>\n\n\n\n<p class=\"has-medium-font-size\"><strong>Die Schule der magischen Tiere<\/strong><\/p>\n\n\n\n<div class=\"wp-block-columns is-layout-flex wp-container-core-columns-is-layout-9d6595d7 wp-block-columns-is-layout-flex\">\n<div class=\"wp-block-column is-layout-flow wp-block-column-is-layout-flow\" style=\"flex-basis:100%\">\n<figure class=\"wp-block-gallery has-nested-images columns-default is-cropped wp-block-gallery-2 is-layout-flex wp-block-gallery-is-layout-flex\">\n<figure class=\"wp-block-image size-large\"><a href=\"https:\/\/schule-katzwang.de\/wp-content\/uploads\/2023\/07\/IMG_9788-scaled.jpg\"><img loading=\"lazy\" decoding=\"async\" width=\"1024\" height=\"683\" data-id=\"3193\" src=\"https:\/\/schule-katzwang.de\/wp-content\/uploads\/2023\/07\/IMG_9788-1024x683.jpg\" alt=\"\" class=\"wp-image-3193\" srcset=\"https:\/\/schule-katzwang.de\/wp-content\/uploads\/2023\/07\/IMG_9788-1024x683.jpg 1024w, https:\/\/schule-katzwang.de\/wp-content\/uploads\/2023\/07\/IMG_9788-300x200.jpg 300w, https:\/\/schule-katzwang.de\/wp-content\/uploads\/2023\/07\/IMG_9788-768x512.jpg 768w, https:\/\/schule-katzwang.de\/wp-content\/uploads\/2023\/07\/IMG_9788-1536x1024.jpg 1536w, https:\/\/schule-katzwang.de\/wp-content\/uploads\/2023\/07\/IMG_9788-2048x1365.jpg 2048w, https:\/\/schule-katzwang.de\/wp-content\/uploads\/2023\/07\/IMG_9788-450x300.jpg 450w\" sizes=\"auto, (max-width: 1024px) 100vw, 1024px\" \/><\/a><\/figure>\n\n\n\n<figure class=\"wp-block-image size-large\"><a href=\"https:\/\/schule-katzwang.de\/wp-content\/uploads\/2023\/07\/IMG_9785-scaled.jpg\"><img loading=\"lazy\" decoding=\"async\" width=\"1024\" height=\"683\" data-id=\"3192\" src=\"https:\/\/schule-katzwang.de\/wp-content\/uploads\/2023\/07\/IMG_9785-1024x683.jpg\" alt=\"\" class=\"wp-image-3192\" srcset=\"https:\/\/schule-katzwang.de\/wp-content\/uploads\/2023\/07\/IMG_9785-1024x683.jpg 1024w, https:\/\/schule-katzwang.de\/wp-content\/uploads\/2023\/07\/IMG_9785-300x200.jpg 300w, https:\/\/schule-katzwang.de\/wp-content\/uploads\/2023\/07\/IMG_9785-768x512.jpg 768w, https:\/\/schule-katzwang.de\/wp-content\/uploads\/2023\/07\/IMG_9785-1536x1024.jpg 1536w, https:\/\/schule-katzwang.de\/wp-content\/uploads\/2023\/07\/IMG_9785-2048x1365.jpg 2048w, https:\/\/schule-katzwang.de\/wp-content\/uploads\/2023\/07\/IMG_9785-450x300.jpg 450w\" sizes=\"auto, (max-width: 1024px) 100vw, 1024px\" \/><\/a><\/figure>\n<\/figure>\n<\/div>\n<\/div>\n\n\n\n<p>Zun\u00e4chst erkannte man in den Bewegungen der schwarz gekleideten Kinder verschieden Tiere und das waren sie auch, die magischen Tiere in Anlehnung an ein bekanntes Kinderbuch. Nur, dass sich die Gruppe des Theaterlehrers von der Katzwanger Grund- und Mittelschule genau dieses beliebte Buch als Theaterst\u00fcck ausgesucht hatte. Im Rahmen der Kulturtage der N\u00fcrnberg Grund-, Mittel- und F\u00f6rderschulen konnten auch die Theater AG Katzwang ihr K\u00f6nnen zum Besten geben. Die 14-k\u00f6pfige Gruppe aus Katzwang bestach mit viel K\u00f6rperausdruck und B\u00fchnenpr\u00e4senz. Mit deutlicher Sprachtechnik brachten sie eine Sequenz der Buchreihe auf die B\u00fchne. Sie vermittelten gemeinsam Freude, Trauer oder f\u00fcrchteten sich zusammen bei einem fiktiven Filmabend, hervorragend in Szene gesetzt durch ein Schattenspiel. Die neun- bis zehnj\u00e4hrigen Darstellerinnen und Darsteller lie\u00dfen bei minimalistischem B\u00fchnenbild Pers\u00f6nlichkeiten aufleben und stellten selbst die Philosophie Robin Hoods in einem szenischen Spiel dar. Eine beeindruckende Auff\u00fchrung, die intensive Theaterarbeit mit Kindern widerspiegelte. Talentiert zickte Helena rum und verlor bei dem Vorspiel um die Hauptrolle gegen Anna-Lena. Meisterhaft bewegte sich das Cham\u00e4leon Caspar und auch das Erdm\u00e4nnchen. Hier gilt es weiter Talente zu f\u00f6rdern!<\/p>\n\n\n\n<p><\/p>\n","protected":false},"excerpt":{"rendered":"<p>Ausflug der Theater AG Der F\u00f6rderverein der Grund- und Mittelschule Katzwang hat es den Kindern der Theater AG erm\u00f6glicht, bei einem Drehtag eines Kinderfilms dabei zu sein. Bei der Produktion von &#8222;Amalias geheimes Tagebuch&#8220; durften die kleinen Schauspieler:innen unserer Schule den Gro\u00dfen \u00fcber die Schulter schauen. F\u00fcr die Schauspielerinnen und Schauspieler und insbesondere f\u00fcr die &hellip; <a href=\"https:\/\/schule-katzwang.de\/?page_id=3348\" class=\"more-link\"><span class=\"screen-reader-text\">Schultheater<\/span> weiterlesen<\/a><\/p>\n","protected":false},"author":1,"featured_media":0,"parent":0,"menu_order":0,"comment_status":"closed","ping_status":"closed","template":"","meta":{"ngg_post_thumbnail":0,"footnotes":""},"class_list":["post-3348","page","type-page","status-publish","hentry"],"_links":{"self":[{"href":"https:\/\/schule-katzwang.de\/index.php?rest_route=\/wp\/v2\/pages\/3348","targetHints":{"allow":["GET"]}}],"collection":[{"href":"https:\/\/schule-katzwang.de\/index.php?rest_route=\/wp\/v2\/pages"}],"about":[{"href":"https:\/\/schule-katzwang.de\/index.php?rest_route=\/wp\/v2\/types\/page"}],"author":[{"embeddable":true,"href":"https:\/\/schule-katzwang.de\/index.php?rest_route=\/wp\/v2\/users\/1"}],"replies":[{"embeddable":true,"href":"https:\/\/schule-katzwang.de\/index.php?rest_route=%2Fwp%2Fv2%2Fcomments&post=3348"}],"version-history":[{"count":6,"href":"https:\/\/schule-katzwang.de\/index.php?rest_route=\/wp\/v2\/pages\/3348\/revisions"}],"predecessor-version":[{"id":3419,"href":"https:\/\/schule-katzwang.de\/index.php?rest_route=\/wp\/v2\/pages\/3348\/revisions\/3419"}],"wp:attachment":[{"href":"https:\/\/schule-katzwang.de\/index.php?rest_route=%2Fwp%2Fv2%2Fmedia&parent=3348"}],"curies":[{"name":"wp","href":"https:\/\/api.w.org\/{rel}","templated":true}]}}