{"id":3177,"date":"2023-06-27T06:46:29","date_gmt":"2023-06-27T06:46:29","guid":{"rendered":"https:\/\/schule-katzwang.de\/?page_id=3177"},"modified":"2023-06-27T06:46:29","modified_gmt":"2023-06-27T06:46:29","slug":"kaenguru-wettbewerb-der-mathematik","status":"publish","type":"page","link":"https:\/\/schule-katzwang.de\/?page_id=3177","title":{"rendered":"K\u00e4nguru-Wettbewerb der Mathematik"},"content":{"rendered":"\n<p>Am 16. M\u00e4rz nahmen 53 knobelbegeisterte Sch\u00fcler am diesj\u00e4hrigen K\u00e4nguru-Wettbewerb der Mathematik teil. Hier warten sie gespannt auf ihre Ergebnisse, eine Urkunde und den Teilnehmerpreis.<\/p>\n\n\n\n<figure class=\"wp-block-image size-full\"><a href=\"https:\/\/schule-katzwang.de\/wp-content\/uploads\/2023\/06\/grafik.png\"><img loading=\"lazy\" decoding=\"async\" width=\"534\" height=\"282\" src=\"https:\/\/schule-katzwang.de\/wp-content\/uploads\/2023\/06\/grafik.png\" alt=\"\" class=\"wp-image-3178\" srcset=\"https:\/\/schule-katzwang.de\/wp-content\/uploads\/2023\/06\/grafik.png 534w, https:\/\/schule-katzwang.de\/wp-content\/uploads\/2023\/06\/grafik-300x158.png 300w, https:\/\/schule-katzwang.de\/wp-content\/uploads\/2023\/06\/grafik-500x264.png 500w\" sizes=\"auto, (max-width: 534px) 100vw, 534px\" \/><\/a><\/figure>\n\n\n\n<p>Wir sind stolz auf alle Teilnehmer und freuen uns \u00fcber die hohe Zahl der Anmeldungen.<\/p>\n\n\n\n<p>9 Sch\u00fcler und Sch\u00fclerinnen aus der Grund- und Mittelschule erzielten besonders gute Ergebnisse.<\/p>\n\n\n\n<figure class=\"wp-block-image size-full\"><a href=\"https:\/\/schule-katzwang.de\/wp-content\/uploads\/2023\/06\/grafik-1.png\"><img loading=\"lazy\" decoding=\"async\" width=\"251\" height=\"558\" src=\"https:\/\/schule-katzwang.de\/wp-content\/uploads\/2023\/06\/grafik-1.png\" alt=\"\" class=\"wp-image-3179\" srcset=\"https:\/\/schule-katzwang.de\/wp-content\/uploads\/2023\/06\/grafik-1.png 251w, https:\/\/schule-katzwang.de\/wp-content\/uploads\/2023\/06\/grafik-1-135x300.png 135w\" sizes=\"auto, (max-width: 251px) 100vw, 251px\" \/><\/a><\/figure>\n\n\n\n<figure class=\"wp-block-image size-full is-resized\"><a href=\"https:\/\/schule-katzwang.de\/wp-content\/uploads\/2023\/06\/grafik-2.png\"><img loading=\"lazy\" decoding=\"async\" src=\"https:\/\/schule-katzwang.de\/wp-content\/uploads\/2023\/06\/grafik-2.png\" alt=\"\" class=\"wp-image-3180\" width=\"614\" height=\"276\" srcset=\"https:\/\/schule-katzwang.de\/wp-content\/uploads\/2023\/06\/grafik-2.png 626w, https:\/\/schule-katzwang.de\/wp-content\/uploads\/2023\/06\/grafik-2-300x135.png 300w, https:\/\/schule-katzwang.de\/wp-content\/uploads\/2023\/06\/grafik-2-500x225.png 500w\" sizes=\"auto, (max-width: 614px) 100vw, 614px\" \/><\/a><\/figure>\n\n\n\n<p>3 von 5 Sch\u00fclern, welche die Punktzahl f\u00fcr einen 3. Preis erreicht haben.<\/p>\n\n\n\n<figure class=\"wp-block-image size-full is-resized\"><a href=\"https:\/\/schule-katzwang.de\/wp-content\/uploads\/2023\/06\/grafik-4.png\"><img loading=\"lazy\" decoding=\"async\" src=\"https:\/\/schule-katzwang.de\/wp-content\/uploads\/2023\/06\/grafik-4.png\" alt=\"\" class=\"wp-image-3182\" width=\"614\" height=\"611\" srcset=\"https:\/\/schule-katzwang.de\/wp-content\/uploads\/2023\/06\/grafik-4.png 630w, https:\/\/schule-katzwang.de\/wp-content\/uploads\/2023\/06\/grafik-4-300x300.png 300w, https:\/\/schule-katzwang.de\/wp-content\/uploads\/2023\/06\/grafik-4-150x150.png 150w, https:\/\/schule-katzwang.de\/wp-content\/uploads\/2023\/06\/grafik-4-301x300.png 301w\" sizes=\"auto, (max-width: 614px) 100vw, 614px\" \/><\/a><\/figure>\n\n\n\n<p>2. Preis                                                                          1. Preis<\/p>\n\n\n\n<figure class=\"wp-block-image size-full\"><a href=\"https:\/\/schule-katzwang.de\/wp-content\/uploads\/2023\/06\/grafik-5.png\"><img loading=\"lazy\" decoding=\"async\" width=\"281\" height=\"626\" src=\"https:\/\/schule-katzwang.de\/wp-content\/uploads\/2023\/06\/grafik-5.png\" alt=\"\" class=\"wp-image-3183\" srcset=\"https:\/\/schule-katzwang.de\/wp-content\/uploads\/2023\/06\/grafik-5.png 281w, https:\/\/schule-katzwang.de\/wp-content\/uploads\/2023\/06\/grafik-5-135x300.png 135w\" sizes=\"auto, (max-width: 281px) 100vw, 281px\" \/><\/a><\/figure>\n\n\n\n<p>Den ganz besonderen Preis &#8211; das K\u00e4nguru-Shirt &#8211; erhielten diese Sch\u00fcler f\u00fcr die meisten richtigen L\u00f6sungen in Folge.<\/p>\n","protected":false},"excerpt":{"rendered":"<p>Am 16. M\u00e4rz nahmen 53 knobelbegeisterte Sch\u00fcler am diesj\u00e4hrigen K\u00e4nguru-Wettbewerb der Mathematik teil. Hier warten sie gespannt auf ihre Ergebnisse, eine Urkunde und den Teilnehmerpreis. Wir sind stolz auf alle Teilnehmer und freuen uns \u00fcber die hohe Zahl der Anmeldungen. 9 Sch\u00fcler und Sch\u00fclerinnen aus der Grund- und Mittelschule erzielten besonders gute Ergebnisse. 3 von &hellip; <a href=\"https:\/\/schule-katzwang.de\/?page_id=3177\" class=\"more-link\"><span class=\"screen-reader-text\">K\u00e4nguru-Wettbewerb der Mathematik<\/span> weiterlesen<\/a><\/p>\n","protected":false},"author":1,"featured_media":0,"parent":1396,"menu_order":0,"comment_status":"closed","ping_status":"closed","template":"","meta":{"ngg_post_thumbnail":0,"footnotes":""},"class_list":["post-3177","page","type-page","status-publish","hentry"],"_links":{"self":[{"href":"https:\/\/schule-katzwang.de\/index.php?rest_route=\/wp\/v2\/pages\/3177","targetHints":{"allow":["GET"]}}],"collection":[{"href":"https:\/\/schule-katzwang.de\/index.php?rest_route=\/wp\/v2\/pages"}],"about":[{"href":"https:\/\/schule-katzwang.de\/index.php?rest_route=\/wp\/v2\/types\/page"}],"author":[{"embeddable":true,"href":"https:\/\/schule-katzwang.de\/index.php?rest_route=\/wp\/v2\/users\/1"}],"replies":[{"embeddable":true,"href":"https:\/\/schule-katzwang.de\/index.php?rest_route=%2Fwp%2Fv2%2Fcomments&post=3177"}],"version-history":[{"count":1,"href":"https:\/\/schule-katzwang.de\/index.php?rest_route=\/wp\/v2\/pages\/3177\/revisions"}],"predecessor-version":[{"id":3184,"href":"https:\/\/schule-katzwang.de\/index.php?rest_route=\/wp\/v2\/pages\/3177\/revisions\/3184"}],"up":[{"embeddable":true,"href":"https:\/\/schule-katzwang.de\/index.php?rest_route=\/wp\/v2\/pages\/1396"}],"wp:attachment":[{"href":"https:\/\/schule-katzwang.de\/index.php?rest_route=%2Fwp%2Fv2%2Fmedia&parent=3177"}],"curies":[{"name":"wp","href":"https:\/\/api.w.org\/{rel}","templated":true}]}}