{"id":2657,"date":"2021-07-15T16:28:52","date_gmt":"2021-07-15T16:28:52","guid":{"rendered":"https:\/\/schule-katzwang.de\/?page_id=2657"},"modified":"2021-07-15T16:28:52","modified_gmt":"2021-07-15T16:28:52","slug":"dufte-schule","status":"publish","type":"page","link":"https:\/\/schule-katzwang.de\/?page_id=2657","title":{"rendered":"Dufte Schule"},"content":{"rendered":"\n<p>Nachdem wir sooo lange keine \u201erichtige Schule\u201c mehr hatten, haben sich unsere Schulpsychologin Frau Tzschentke und unsere Sozialarbeiterin Frau H\u00fcttner mit unserer F\u00f6rderlehrkraft Frau Takil etwas Sch\u00f6nes \u00fcberlegt: damit der Einstieg in die Schule mit Freude gelingt und die ganze Schulfamilie etwas davon hat, begannen wir zun\u00e4chst am Pausenhof mit ein paar 5.Kl\u00e4sslern Unkraut zu j\u00e4ten und Gras zu entfernen. Mit L\u00f6cher graben ging es weiter \u2013 da arbeiteten zwei Jungs aus der 7.Klasse dann zus\u00e4tzlich voll engagiert mit. Wir besorgten Pflanzen \u2013 bunt und duftend \u2013 wie der Lavendel \u2026 und w\u00e4sserten die L\u00f6cher und mit gro\u00dfer Sorgfalt wurden die Blumen eingepflanzt an zwei Standorten am Pausenhofrand.<\/p>\n\n\n\n<p>Und zum Schluss bemalten die Sch\u00fcler*innen noch Zaunteile, damit wir die neuen Anpflanzungen gut sch\u00fctzen k\u00f6nnen.<\/p>\n\n\n\n<p>Insgesamt arbeiteten bisher an diesem Projekt 18 Sch\u00fcler*innen mit \u2013 und noch mehr hatten Lust dazu \u2026<\/p>\n\n\n\n<p>Im Herbst wollen wir weiter machen \u2026<\/p>\n\n\n\n<p>Im Folgenden ein paar Impressionen davon \u2026<\/p>\n\n\n\n<div class=\"wp-block-columns is-layout-flex wp-container-core-columns-is-layout-9d6595d7 wp-block-columns-is-layout-flex\">\n<div class=\"wp-block-column is-layout-flow wp-block-column-is-layout-flow\">\n<figure class=\"wp-block-image size-large\"><a href=\"https:\/\/schule-katzwang.de\/wp-content\/uploads\/2021\/07\/IMG_20210615_102855-scaled.jpg\"><img loading=\"lazy\" decoding=\"async\" width=\"768\" height=\"1024\" src=\"https:\/\/schule-katzwang.de\/wp-content\/uploads\/2021\/07\/IMG_20210615_102855-768x1024.jpg\" alt=\"\" class=\"wp-image-2661\" srcset=\"https:\/\/schule-katzwang.de\/wp-content\/uploads\/2021\/07\/IMG_20210615_102855-768x1024.jpg 768w, https:\/\/schule-katzwang.de\/wp-content\/uploads\/2021\/07\/IMG_20210615_102855-225x300.jpg 225w, https:\/\/schule-katzwang.de\/wp-content\/uploads\/2021\/07\/IMG_20210615_102855-1152x1536.jpg 1152w, https:\/\/schule-katzwang.de\/wp-content\/uploads\/2021\/07\/IMG_20210615_102855-1536x2048.jpg 1536w, https:\/\/schule-katzwang.de\/wp-content\/uploads\/2021\/07\/IMG_20210615_102855-scaled.jpg 1920w\" sizes=\"auto, (max-width: 768px) 100vw, 768px\" \/><\/a><\/figure>\n\n\n\n<figure class=\"wp-block-image size-large\"><a href=\"https:\/\/schule-katzwang.de\/wp-content\/uploads\/2021\/07\/IMG_20210615_104704-scaled.jpg\"><img loading=\"lazy\" decoding=\"async\" width=\"1024\" height=\"768\" src=\"https:\/\/schule-katzwang.de\/wp-content\/uploads\/2021\/07\/IMG_20210615_104704-1024x768.jpg\" alt=\"\" class=\"wp-image-2664\" srcset=\"https:\/\/schule-katzwang.de\/wp-content\/uploads\/2021\/07\/IMG_20210615_104704-1024x768.jpg 1024w, https:\/\/schule-katzwang.de\/wp-content\/uploads\/2021\/07\/IMG_20210615_104704-300x225.jpg 300w, https:\/\/schule-katzwang.de\/wp-content\/uploads\/2021\/07\/IMG_20210615_104704-768x576.jpg 768w, https:\/\/schule-katzwang.de\/wp-content\/uploads\/2021\/07\/IMG_20210615_104704-1536x1152.jpg 1536w, https:\/\/schule-katzwang.de\/wp-content\/uploads\/2021\/07\/IMG_20210615_104704-2048x1536.jpg 2048w, https:\/\/schule-katzwang.de\/wp-content\/uploads\/2021\/07\/IMG_20210615_104704-400x300.jpg 400w\" sizes=\"auto, (max-width: 1024px) 100vw, 1024px\" \/><\/a><\/figure>\n\n\n\n<figure class=\"wp-block-image size-large\"><a href=\"https:\/\/schule-katzwang.de\/wp-content\/uploads\/2021\/07\/IMG_20210615_105822-scaled.jpg\"><img loading=\"lazy\" decoding=\"async\" width=\"1024\" height=\"768\" src=\"https:\/\/schule-katzwang.de\/wp-content\/uploads\/2021\/07\/IMG_20210615_105822-1024x768.jpg\" alt=\"\" class=\"wp-image-2665\" srcset=\"https:\/\/schule-katzwang.de\/wp-content\/uploads\/2021\/07\/IMG_20210615_105822-1024x768.jpg 1024w, https:\/\/schule-katzwang.de\/wp-content\/uploads\/2021\/07\/IMG_20210615_105822-300x225.jpg 300w, https:\/\/schule-katzwang.de\/wp-content\/uploads\/2021\/07\/IMG_20210615_105822-768x576.jpg 768w, https:\/\/schule-katzwang.de\/wp-content\/uploads\/2021\/07\/IMG_20210615_105822-1536x1152.jpg 1536w, https:\/\/schule-katzwang.de\/wp-content\/uploads\/2021\/07\/IMG_20210615_105822-2048x1536.jpg 2048w, https:\/\/schule-katzwang.de\/wp-content\/uploads\/2021\/07\/IMG_20210615_105822-400x300.jpg 400w\" sizes=\"auto, (max-width: 1024px) 100vw, 1024px\" \/><\/a><\/figure>\n\n\n\n<figure class=\"wp-block-image size-large\"><a href=\"https:\/\/schule-katzwang.de\/wp-content\/uploads\/2021\/07\/IMG_20210615_105847-scaled.jpg\"><img loading=\"lazy\" decoding=\"async\" width=\"768\" height=\"1024\" src=\"https:\/\/schule-katzwang.de\/wp-content\/uploads\/2021\/07\/IMG_20210615_105847-768x1024.jpg\" alt=\"\" class=\"wp-image-2667\" srcset=\"https:\/\/schule-katzwang.de\/wp-content\/uploads\/2021\/07\/IMG_20210615_105847-768x1024.jpg 768w, https:\/\/schule-katzwang.de\/wp-content\/uploads\/2021\/07\/IMG_20210615_105847-225x300.jpg 225w, https:\/\/schule-katzwang.de\/wp-content\/uploads\/2021\/07\/IMG_20210615_105847-1152x1536.jpg 1152w, https:\/\/schule-katzwang.de\/wp-content\/uploads\/2021\/07\/IMG_20210615_105847-1536x2048.jpg 1536w, https:\/\/schule-katzwang.de\/wp-content\/uploads\/2021\/07\/IMG_20210615_105847-scaled.jpg 1920w\" sizes=\"auto, (max-width: 768px) 100vw, 768px\" \/><\/a><\/figure>\n\n\n\n<figure class=\"wp-block-image size-large\"><a href=\"https:\/\/schule-katzwang.de\/wp-content\/uploads\/2021\/07\/IMG_20210622_105722-scaled.jpg\"><img loading=\"lazy\" decoding=\"async\" width=\"768\" height=\"1024\" src=\"https:\/\/schule-katzwang.de\/wp-content\/uploads\/2021\/07\/IMG_20210622_105722-768x1024.jpg\" alt=\"\" class=\"wp-image-2668\" srcset=\"https:\/\/schule-katzwang.de\/wp-content\/uploads\/2021\/07\/IMG_20210622_105722-768x1024.jpg 768w, https:\/\/schule-katzwang.de\/wp-content\/uploads\/2021\/07\/IMG_20210622_105722-225x300.jpg 225w, https:\/\/schule-katzwang.de\/wp-content\/uploads\/2021\/07\/IMG_20210622_105722-1152x1536.jpg 1152w, https:\/\/schule-katzwang.de\/wp-content\/uploads\/2021\/07\/IMG_20210622_105722-1536x2048.jpg 1536w, https:\/\/schule-katzwang.de\/wp-content\/uploads\/2021\/07\/IMG_20210622_105722-scaled.jpg 1920w\" sizes=\"auto, (max-width: 768px) 100vw, 768px\" \/><\/a><\/figure>\n\n\n\n<figure class=\"wp-block-image size-large\"><a href=\"https:\/\/schule-katzwang.de\/wp-content\/uploads\/2021\/07\/IMG_20210622_105743-scaled.jpg\"><img loading=\"lazy\" decoding=\"async\" width=\"768\" height=\"1024\" src=\"https:\/\/schule-katzwang.de\/wp-content\/uploads\/2021\/07\/IMG_20210622_105743-768x1024.jpg\" alt=\"\" class=\"wp-image-2672\" srcset=\"https:\/\/schule-katzwang.de\/wp-content\/uploads\/2021\/07\/IMG_20210622_105743-768x1024.jpg 768w, https:\/\/schule-katzwang.de\/wp-content\/uploads\/2021\/07\/IMG_20210622_105743-225x300.jpg 225w, https:\/\/schule-katzwang.de\/wp-content\/uploads\/2021\/07\/IMG_20210622_105743-1152x1536.jpg 1152w, https:\/\/schule-katzwang.de\/wp-content\/uploads\/2021\/07\/IMG_20210622_105743-1536x2048.jpg 1536w, https:\/\/schule-katzwang.de\/wp-content\/uploads\/2021\/07\/IMG_20210622_105743-scaled.jpg 1920w\" sizes=\"auto, (max-width: 768px) 100vw, 768px\" \/><\/a><\/figure>\n<\/div>\n\n\n\n<div class=\"wp-block-column is-layout-flow wp-block-column-is-layout-flow\">\n<figure class=\"wp-block-image size-large\"><a href=\"https:\/\/schule-katzwang.de\/wp-content\/uploads\/2021\/07\/IMG_20210615_104613-scaled.jpg\"><img loading=\"lazy\" decoding=\"async\" width=\"768\" height=\"1024\" src=\"https:\/\/schule-katzwang.de\/wp-content\/uploads\/2021\/07\/IMG_20210615_104613-768x1024.jpg\" alt=\"\" class=\"wp-image-2662\" srcset=\"https:\/\/schule-katzwang.de\/wp-content\/uploads\/2021\/07\/IMG_20210615_104613-768x1024.jpg 768w, https:\/\/schule-katzwang.de\/wp-content\/uploads\/2021\/07\/IMG_20210615_104613-225x300.jpg 225w, https:\/\/schule-katzwang.de\/wp-content\/uploads\/2021\/07\/IMG_20210615_104613-1152x1536.jpg 1152w, https:\/\/schule-katzwang.de\/wp-content\/uploads\/2021\/07\/IMG_20210615_104613-1536x2048.jpg 1536w, https:\/\/schule-katzwang.de\/wp-content\/uploads\/2021\/07\/IMG_20210615_104613-scaled.jpg 1920w\" sizes=\"auto, (max-width: 768px) 100vw, 768px\" \/><\/a><\/figure>\n\n\n\n<figure class=\"wp-block-image size-large\"><a href=\"https:\/\/schule-katzwang.de\/wp-content\/uploads\/2021\/07\/IMG_20210615_104617-scaled.jpg\"><img loading=\"lazy\" decoding=\"async\" width=\"768\" height=\"1024\" src=\"https:\/\/schule-katzwang.de\/wp-content\/uploads\/2021\/07\/IMG_20210615_104617-768x1024.jpg\" alt=\"\" class=\"wp-image-2663\" srcset=\"https:\/\/schule-katzwang.de\/wp-content\/uploads\/2021\/07\/IMG_20210615_104617-768x1024.jpg 768w, https:\/\/schule-katzwang.de\/wp-content\/uploads\/2021\/07\/IMG_20210615_104617-225x300.jpg 225w, https:\/\/schule-katzwang.de\/wp-content\/uploads\/2021\/07\/IMG_20210615_104617-1152x1536.jpg 1152w, https:\/\/schule-katzwang.de\/wp-content\/uploads\/2021\/07\/IMG_20210615_104617-1536x2048.jpg 1536w, https:\/\/schule-katzwang.de\/wp-content\/uploads\/2021\/07\/IMG_20210615_104617-scaled.jpg 1920w\" sizes=\"auto, (max-width: 768px) 100vw, 768px\" \/><\/a><\/figure>\n\n\n\n<figure class=\"wp-block-image size-large\"><a href=\"https:\/\/schule-katzwang.de\/wp-content\/uploads\/2021\/07\/IMG_20210615_105828-scaled.jpg\"><img loading=\"lazy\" decoding=\"async\" width=\"768\" height=\"1024\" src=\"https:\/\/schule-katzwang.de\/wp-content\/uploads\/2021\/07\/IMG_20210615_105828-768x1024.jpg\" alt=\"\" class=\"wp-image-2666\" srcset=\"https:\/\/schule-katzwang.de\/wp-content\/uploads\/2021\/07\/IMG_20210615_105828-768x1024.jpg 768w, https:\/\/schule-katzwang.de\/wp-content\/uploads\/2021\/07\/IMG_20210615_105828-225x300.jpg 225w, https:\/\/schule-katzwang.de\/wp-content\/uploads\/2021\/07\/IMG_20210615_105828-1152x1536.jpg 1152w, https:\/\/schule-katzwang.de\/wp-content\/uploads\/2021\/07\/IMG_20210615_105828-1536x2048.jpg 1536w, https:\/\/schule-katzwang.de\/wp-content\/uploads\/2021\/07\/IMG_20210615_105828-scaled.jpg 1920w\" sizes=\"auto, (max-width: 768px) 100vw, 768px\" \/><\/a><\/figure>\n\n\n\n<figure class=\"wp-block-image size-large\"><a href=\"https:\/\/schule-katzwang.de\/wp-content\/uploads\/2021\/07\/IMG_20210629_103543-scaled.jpg\"><img loading=\"lazy\" decoding=\"async\" width=\"1024\" height=\"768\" src=\"https:\/\/schule-katzwang.de\/wp-content\/uploads\/2021\/07\/IMG_20210629_103543-1024x768.jpg\" alt=\"\" class=\"wp-image-2669\" srcset=\"https:\/\/schule-katzwang.de\/wp-content\/uploads\/2021\/07\/IMG_20210629_103543-1024x768.jpg 1024w, https:\/\/schule-katzwang.de\/wp-content\/uploads\/2021\/07\/IMG_20210629_103543-300x225.jpg 300w, https:\/\/schule-katzwang.de\/wp-content\/uploads\/2021\/07\/IMG_20210629_103543-768x576.jpg 768w, https:\/\/schule-katzwang.de\/wp-content\/uploads\/2021\/07\/IMG_20210629_103543-1536x1152.jpg 1536w, https:\/\/schule-katzwang.de\/wp-content\/uploads\/2021\/07\/IMG_20210629_103543-2048x1536.jpg 2048w, https:\/\/schule-katzwang.de\/wp-content\/uploads\/2021\/07\/IMG_20210629_103543-400x300.jpg 400w\" sizes=\"auto, (max-width: 1024px) 100vw, 1024px\" \/><\/a><\/figure>\n\n\n\n<figure class=\"wp-block-image size-large\"><a href=\"https:\/\/schule-katzwang.de\/wp-content\/uploads\/2021\/07\/IMG_20210629_103539-scaled.jpg\"><img loading=\"lazy\" decoding=\"async\" width=\"1024\" height=\"768\" src=\"https:\/\/schule-katzwang.de\/wp-content\/uploads\/2021\/07\/IMG_20210629_103539-1024x768.jpg\" alt=\"\" class=\"wp-image-2670\" srcset=\"https:\/\/schule-katzwang.de\/wp-content\/uploads\/2021\/07\/IMG_20210629_103539-1024x768.jpg 1024w, https:\/\/schule-katzwang.de\/wp-content\/uploads\/2021\/07\/IMG_20210629_103539-300x225.jpg 300w, https:\/\/schule-katzwang.de\/wp-content\/uploads\/2021\/07\/IMG_20210629_103539-768x576.jpg 768w, https:\/\/schule-katzwang.de\/wp-content\/uploads\/2021\/07\/IMG_20210629_103539-1536x1152.jpg 1536w, https:\/\/schule-katzwang.de\/wp-content\/uploads\/2021\/07\/IMG_20210629_103539-2048x1536.jpg 2048w, https:\/\/schule-katzwang.de\/wp-content\/uploads\/2021\/07\/IMG_20210629_103539-400x300.jpg 400w\" sizes=\"auto, (max-width: 1024px) 100vw, 1024px\" \/><\/a><\/figure>\n\n\n\n<figure class=\"wp-block-image size-large\"><a href=\"https:\/\/schule-katzwang.de\/wp-content\/uploads\/2021\/07\/IMG_20210629_103529-scaled.jpg\"><img loading=\"lazy\" decoding=\"async\" width=\"1024\" height=\"768\" src=\"https:\/\/schule-katzwang.de\/wp-content\/uploads\/2021\/07\/IMG_20210629_103529-1024x768.jpg\" alt=\"\" class=\"wp-image-2671\" srcset=\"https:\/\/schule-katzwang.de\/wp-content\/uploads\/2021\/07\/IMG_20210629_103529-1024x768.jpg 1024w, https:\/\/schule-katzwang.de\/wp-content\/uploads\/2021\/07\/IMG_20210629_103529-300x225.jpg 300w, https:\/\/schule-katzwang.de\/wp-content\/uploads\/2021\/07\/IMG_20210629_103529-768x576.jpg 768w, https:\/\/schule-katzwang.de\/wp-content\/uploads\/2021\/07\/IMG_20210629_103529-1536x1152.jpg 1536w, https:\/\/schule-katzwang.de\/wp-content\/uploads\/2021\/07\/IMG_20210629_103529-2048x1536.jpg 2048w, https:\/\/schule-katzwang.de\/wp-content\/uploads\/2021\/07\/IMG_20210629_103529-400x300.jpg 400w\" sizes=\"auto, (max-width: 1024px) 100vw, 1024px\" \/><\/a><\/figure>\n\n\n\n<figure class=\"wp-block-image size-large\"><a href=\"https:\/\/schule-katzwang.de\/wp-content\/uploads\/2021\/07\/IMG_20210622_105739-scaled.jpg\"><img loading=\"lazy\" decoding=\"async\" width=\"768\" height=\"1024\" src=\"https:\/\/schule-katzwang.de\/wp-content\/uploads\/2021\/07\/IMG_20210622_105739-768x1024.jpg\" alt=\"\" class=\"wp-image-2673\" srcset=\"https:\/\/schule-katzwang.de\/wp-content\/uploads\/2021\/07\/IMG_20210622_105739-768x1024.jpg 768w, https:\/\/schule-katzwang.de\/wp-content\/uploads\/2021\/07\/IMG_20210622_105739-225x300.jpg 225w, https:\/\/schule-katzwang.de\/wp-content\/uploads\/2021\/07\/IMG_20210622_105739-1152x1536.jpg 1152w, https:\/\/schule-katzwang.de\/wp-content\/uploads\/2021\/07\/IMG_20210622_105739-1536x2048.jpg 1536w, https:\/\/schule-katzwang.de\/wp-content\/uploads\/2021\/07\/IMG_20210622_105739-scaled.jpg 1920w\" sizes=\"auto, (max-width: 768px) 100vw, 768px\" \/><\/a><\/figure>\n<\/div>\n<\/div>\n\n\n\n<p><\/p>\n","protected":false},"excerpt":{"rendered":"<p>Nachdem wir sooo lange keine \u201erichtige Schule\u201c mehr hatten, haben sich unsere Schulpsychologin Frau Tzschentke und unsere Sozialarbeiterin Frau H\u00fcttner mit unserer F\u00f6rderlehrkraft Frau Takil etwas Sch\u00f6nes \u00fcberlegt: damit der Einstieg in die Schule mit Freude gelingt und die ganze Schulfamilie etwas davon hat, begannen wir zun\u00e4chst am Pausenhof mit ein paar 5.Kl\u00e4sslern Unkraut zu &hellip; <a href=\"https:\/\/schule-katzwang.de\/?page_id=2657\" class=\"more-link\"><span class=\"screen-reader-text\">Dufte Schule<\/span> weiterlesen<\/a><\/p>\n","protected":false},"author":1,"featured_media":0,"parent":1396,"menu_order":11,"comment_status":"closed","ping_status":"closed","template":"","meta":{"ngg_post_thumbnail":0,"footnotes":""},"class_list":["post-2657","page","type-page","status-publish","hentry"],"_links":{"self":[{"href":"https:\/\/schule-katzwang.de\/index.php?rest_route=\/wp\/v2\/pages\/2657","targetHints":{"allow":["GET"]}}],"collection":[{"href":"https:\/\/schule-katzwang.de\/index.php?rest_route=\/wp\/v2\/pages"}],"about":[{"href":"https:\/\/schule-katzwang.de\/index.php?rest_route=\/wp\/v2\/types\/page"}],"author":[{"embeddable":true,"href":"https:\/\/schule-katzwang.de\/index.php?rest_route=\/wp\/v2\/users\/1"}],"replies":[{"embeddable":true,"href":"https:\/\/schule-katzwang.de\/index.php?rest_route=%2Fwp%2Fv2%2Fcomments&post=2657"}],"version-history":[{"count":2,"href":"https:\/\/schule-katzwang.de\/index.php?rest_route=\/wp\/v2\/pages\/2657\/revisions"}],"predecessor-version":[{"id":2674,"href":"https:\/\/schule-katzwang.de\/index.php?rest_route=\/wp\/v2\/pages\/2657\/revisions\/2674"}],"up":[{"embeddable":true,"href":"https:\/\/schule-katzwang.de\/index.php?rest_route=\/wp\/v2\/pages\/1396"}],"wp:attachment":[{"href":"https:\/\/schule-katzwang.de\/index.php?rest_route=%2Fwp%2Fv2%2Fmedia&parent=2657"}],"curies":[{"name":"wp","href":"https:\/\/api.w.org\/{rel}","templated":true}]}}