{"id":1879,"date":"2020-03-30T10:24:40","date_gmt":"2020-03-30T10:24:40","guid":{"rendered":"http:\/\/schule-katzwang.de\/?page_id=1879"},"modified":"2025-09-16T13:55:46","modified_gmt":"2025-09-16T13:55:46","slug":"schulpsychologie","status":"publish","type":"page","link":"https:\/\/schule-katzwang.de\/?page_id=1879","title":{"rendered":"Staatl. Schulpsychologie"},"content":{"rendered":"\n<hr class=\"wp-block-separator has-css-opacity\"\/>\n\n\n<div class=\"wp-block-image\">\n<figure class=\"aligncenter size-full\"><a href=\"https:\/\/schule-katzwang.de\/wp-content\/uploads\/2024\/09\/Logo-SchA-SB-e1727099147434.jpg\"><img loading=\"lazy\" decoding=\"async\" width=\"208\" height=\"46\" src=\"https:\/\/schule-katzwang.de\/wp-content\/uploads\/2024\/09\/Logo-SchA-SB-e1727099147434.jpg\" alt=\"\" class=\"wp-image-3468\"\/><\/a><\/figure>\n<\/div>\n\n\n<p class=\"has-black-color has-yellow-gradient-gradient-background has-text-color has-background\"><mark>Falls Sie eine Beratung w\u00fcnschen, melden Sie sich bitte -im besten Fall- <strong><mark style=\"background-color:rgba(0, 0, 0, 0)\" class=\"has-inline-color has-medium-pink-color\">per E-Mail oder Telefon<\/mark><\/strong>. Vielen Dank! <\/mark><\/p>\n\n\n\n<p class=\"has-electric-grass-gradient-background has-background has-small-font-size\"><strong>Ansprechperson:<\/strong> <strong>Matthias Weber, Staatl. Schulpsychologe<\/strong><\/p>\n\n\n\n<p class=\"has-pale-ocean-gradient-background has-background has-small-font-size\"><strong>E-Mail: matthias.weber@schulamt.nuernberg.de<\/strong><\/p>\n\n\n\n<p class=\"has-pale-ocean-gradient-background has-background has-small-font-size\"><strong>Telefon: 09122-8087453 <\/strong><\/p>\n\n\n\n<p class=\"has-text-align-left has-electric-grass-gradient-background has-background has-small-font-size\"><strong>Hilfen f\u00fcr Sch\u00fclerinnen, Sch\u00fcler und Eltern der Grund- und Mittelschule in N\u00fcrnberg-Katzwang<\/strong><\/p>\n\n\n\n<p><strong>Angebote und Aufgaben der Schulpsychologie<\/strong><\/p>\n\n\n\n<p>Aufgabe der schulpsychologischen Beratung ist die Diagnostik und Beratung mit dem Ziel der Kl\u00e4rung eines Problems.<\/p>\n\n\n\n<p class=\"has-medium-font-size\"><strong>Grundlagen der schulpsychologischen T\u00e4tigkeit:<\/strong><\/p>\n\n\n\n<ul class=\"wp-block-list\">\n<li>dienen in erster Linie der Problemkl\u00e4rung (z.B. auf der Grundlage einer schulpsychologischen Diagnostik), Beratung und Unterst\u00fctzung (keine Therapie!).<\/li>\n\n\n\n<li>vermitteln, informieren, st\u00fctzen, f\u00f6rdern und helfen<\/li>\n\n\n\n<li>schaffen Kontakte zu weiteren Fachleuten (z. B. Therapie, Kliniken, Jugendamt \u2026)<\/li>\n\n\n\n<li class=\"has-small-font-size\"><strong>Die Beratung erfolgt freiwillig, neutral und kostenlos und unterliegt der Schweigepflicht!<\/strong><\/li>\n<\/ul>\n\n\n\n<p class=\"has-pale-ocean-gradient-background has-background has-small-font-size\"><strong>M\u00f6gliche Themenbereiche im Rahmen einer schulpsychologischen Beratung:<\/strong><\/p>\n\n\n\n<ul class=\"wp-block-list\">\n<li>P\u00e4dagogisch-psychologische Beratung<\/li>\n\n\n\n<li>Unterst\u00fctzung bei der Bew\u00e4ltigung von Problemen in der Schule<\/li>\n\n\n\n<li>Lern- und Leistungsmotivation<\/li>\n\n\n\n<li>Emotionale Schwierigkeiten (z. B. Schulangst, Pr\u00fcfungsangst)<\/li>\n\n\n\n<li>Schwierigkeiten im Verhalten gegen\u00fcber sich selbst und\/ oder anderen<\/li>\n\n\n\n<li>Schullaufbahnberatung<\/li>\n\n\n\n<li>Beratung von Lehrkr\u00e4ften<\/li>\n<\/ul>\n\n\n\n<div class=\"wp-block-columns is-layout-flex wp-container-core-columns-is-layout-9d6595d7 wp-block-columns-is-layout-flex\">\n<div class=\"wp-block-column is-layout-flow wp-block-column-is-layout-flow\" style=\"flex-basis:100%\">\n<div class=\"wp-block-file\"><a id=\"wp-block-file--media-68a50d9b-2e42-431a-95ee-c17c6c57b4b1\" href=\"https:\/\/schule-katzwang.de\/wp-content\/uploads\/2024\/10\/2019_Anmeldebogen.pdf\">2019_Anmeldebogen<\/a><a href=\"https:\/\/schule-katzwang.de\/wp-content\/uploads\/2024\/10\/2019_Anmeldebogen.pdf\" class=\"wp-block-file__button wp-element-button\" download aria-describedby=\"wp-block-file--media-68a50d9b-2e42-431a-95ee-c17c6c57b4b1\">Herunterladen<\/a><\/div>\n<\/div>\n<\/div>\n\n\n\n<div class=\"wp-block-group\"><div class=\"wp-block-group__inner-container is-layout-constrained wp-block-group-is-layout-constrained\"><\/div><\/div>\n\n\n\n<p class=\"has-pale-ocean-gradient-background has-background\"><strong>Hilfe bei \u00c4ngsten und Depressionen<\/strong>:<\/p>\n\n\n\n<div class=\"wp-block-file\"><a id=\"wp-block-file--media-1b8bc7d5-906a-4ed5-99bc-0a7b55da151b\" href=\"https:\/\/schule-katzwang.de\/wp-content\/uploads\/2024\/10\/2024_10_Adressen_Depression_Angststoerungen_Nuernberg.pdf\">2024_10_Adressen_Depression_Angststoerungen_Nuernberg<\/a><a href=\"https:\/\/schule-katzwang.de\/wp-content\/uploads\/2024\/10\/2024_10_Adressen_Depression_Angststoerungen_Nuernberg.pdf\" class=\"wp-block-file__button wp-element-button\" download aria-describedby=\"wp-block-file--media-1b8bc7d5-906a-4ed5-99bc-0a7b55da151b\">Herunterladen<\/a><\/div>\n\n\n\n<p><\/p>\n","protected":false},"excerpt":{"rendered":"<p>Falls Sie eine Beratung w\u00fcnschen, melden Sie sich bitte -im besten Fall- per E-Mail oder Telefon. Vielen Dank! Ansprechperson: Matthias Weber, Staatl. Schulpsychologe E-Mail: matthias.weber@schulamt.nuernberg.de Telefon: 09122-8087453 Hilfen f\u00fcr Sch\u00fclerinnen, Sch\u00fcler und Eltern der Grund- und Mittelschule in N\u00fcrnberg-Katzwang Angebote und Aufgaben der Schulpsychologie Aufgabe der schulpsychologischen Beratung ist die Diagnostik und Beratung mit dem &hellip; <a href=\"https:\/\/schule-katzwang.de\/?page_id=1879\" class=\"more-link\"><span class=\"screen-reader-text\">Staatl. Schulpsychologie<\/span> weiterlesen<\/a><\/p>\n","protected":false},"author":1,"featured_media":0,"parent":1277,"menu_order":6,"comment_status":"closed","ping_status":"closed","template":"","meta":{"ngg_post_thumbnail":0,"footnotes":""},"class_list":["post-1879","page","type-page","status-publish","hentry"],"_links":{"self":[{"href":"https:\/\/schule-katzwang.de\/index.php?rest_route=\/wp\/v2\/pages\/1879","targetHints":{"allow":["GET"]}}],"collection":[{"href":"https:\/\/schule-katzwang.de\/index.php?rest_route=\/wp\/v2\/pages"}],"about":[{"href":"https:\/\/schule-katzwang.de\/index.php?rest_route=\/wp\/v2\/types\/page"}],"author":[{"embeddable":true,"href":"https:\/\/schule-katzwang.de\/index.php?rest_route=\/wp\/v2\/users\/1"}],"replies":[{"embeddable":true,"href":"https:\/\/schule-katzwang.de\/index.php?rest_route=%2Fwp%2Fv2%2Fcomments&post=1879"}],"version-history":[{"count":26,"href":"https:\/\/schule-katzwang.de\/index.php?rest_route=\/wp\/v2\/pages\/1879\/revisions"}],"predecessor-version":[{"id":3672,"href":"https:\/\/schule-katzwang.de\/index.php?rest_route=\/wp\/v2\/pages\/1879\/revisions\/3672"}],"up":[{"embeddable":true,"href":"https:\/\/schule-katzwang.de\/index.php?rest_route=\/wp\/v2\/pages\/1277"}],"wp:attachment":[{"href":"https:\/\/schule-katzwang.de\/index.php?rest_route=%2Fwp%2Fv2%2Fmedia&parent=1879"}],"curies":[{"name":"wp","href":"https:\/\/api.w.org\/{rel}","templated":true}]}}