{"id":1789,"date":"2020-03-24T19:19:14","date_gmt":"2020-03-24T19:19:14","guid":{"rendered":"http:\/\/schule-katzwang.de\/?page_id=1789"},"modified":"2024-01-30T09:01:22","modified_gmt":"2024-01-30T09:01:22","slug":"uebertritt","status":"publish","type":"page","link":"https:\/\/schule-katzwang.de\/?page_id=1789","title":{"rendered":"\u00dcbertritt"},"content":{"rendered":"\n<p>Hier finden Sie die aktuellen \u00dcbertrittsbedingungen der <strong>Beratungsstelle <\/strong>am staatlichen Schulamt N\u00fcrnberg:  <a href=\"https:\/\/padlet.com\/schulpsychologiehaasbreidung\/u8qpirodp301e9g3\">Padlet<\/a><\/p>\n\n\n\n<p>Hier finden Sie s\u00e4mtliche Hinweise des <strong>Kultusministeriums<\/strong> rund um \u00dcbertritt und Schulartwechsel. <a href=\"https:\/\/www.km.bayern.de\/eltern\/schularten\/uebertritt-schulartwechsel.html\">Link<\/a><\/p>\n\n\n\n<p>Hier finden Sie die Informationen der <strong>Schulberatung <\/strong>rund um den \u00dcbertritt. <a href=\"https:\/\/www.km.bayern.de\/ministerium\/institutionen\/schulberatung.html\">Link<\/a><\/p>\n\n\n\n<p>\u00dcbertrittsbedingungen in die M-Klassen <\/p>\n\n\n\n<p><strong>Ihr Kind kann in die 7. Jahrgangsstufe des M-Zweiges eintreten, wenn es im Zwischenzeugnis oder Jahreszeugnis der Jahrgangsstufe 6 folgende Bedingungen erf\u00fcllt:<\/strong><\/p>\n\n\n\n<ul class=\"wp-block-list\">\n<li>bei einem Schnitt von 2,66 und besser (D, M, E): \u00dcbertritt auf Antrag der Erziehungsberechtigten uneingeschr\u00e4nkt m\u00f6glich<\/li>\n\n\n\n<li>ab einem Schnitt von 3,00 und schlechter (D, M, E): auf Antrag der Erziehungsberechtigten&nbsp;<strong>und&nbsp;<\/strong>Bestehen einer Aufnahmepr\u00fcfung in der letzten Sommerferienwoche<\/li>\n<\/ul>\n\n\n\n<p><strong>Ihr Kind kann von der 7. Klasse Mittelschule in die Jahrgangsstufe 8 des M-Zuges eintreten, wenn es im Zwischenzeugnis oder dem Jahreszeugnis der Jahrgangsstufe 7 folgende Bedingungen erf\u00fcllt:<\/strong><\/p>\n\n\n\n<ul class=\"wp-block-list\">\n<li>bei einem Durchschnitt von 2,33 und besser (D, M, E): \u00dcbertritt auf Antrag der Erziehungsberechtigten uneingeschr\u00e4nkt m\u00f6glich<\/li>\n\n\n\n<li>bei einem Durchschnitt von 2,66 und schlechter (D, M, E): Auf Antrag der Erziehungsberechtigten&nbsp;<strong>und<\/strong>&nbsp;Bestehen einer Aufnahmepr\u00fcfung in der letzten Sommerferienwoche<\/li>\n<\/ul>\n\n\n\n<p><strong>Ihr Kind kann von der 8. Klasse Mittelschule in die Jahrgangsstufe 9 des M-Zuges eintreten, wenn es im Zwischenzeugnis oder im Jahreszeugnis&nbsp;der Jahrgangsstufe 8 folgende Bedingungen erf\u00fcllt:<\/strong><\/p>\n\n\n\n<ul class=\"wp-block-list\">\n<li>bei einem Durchschnitt von 2,33 und besser (D, M, E): \u00dcbertritt auf Antrag der Erziehungsberechtigten uneingeschr\u00e4nkt m\u00f6glich<\/li>\n\n\n\n<li>bei einem Durchschnitt von 2,66 und schlechter (D, M, E): Auf Antrag der Erziehungsberechtigten&nbsp;<strong>und<\/strong>&nbsp;Bestehen einer Aufnahmepr\u00fcfung in der letzten Sommerferienwoche<\/li>\n<\/ul>\n\n\n\n<p><strong>Ihr Kind kann in die 10. Jahrgangsstufe des M-Zuges aufgenommen werden, wenn es folgende Bedingungen erf\u00fcllt:<\/strong><\/p>\n\n\n\n<ul class=\"wp-block-list\">\n<li>wenn der qualifizierende Abschluss der Mittelschule mit der Durchschnittsnote 2,33 oder besser (D, M, E) erworben wurde: \u00dcbertritt auf Antrag der Eltern uneingeschr\u00e4nkt m\u00f6glich<\/li>\n\n\n\n<li>wenn der qualifizierende Abschluss der Mittelschule mit der Durchschnittsnote 2,66 und schlechter (D, M, E) erworben wurde: \u00dcbertritt auf Antrag der Eltern&nbsp;<strong>und<\/strong>&nbsp;Bestehen einer Aufnahmepr\u00fcfung, die an der aufnehmenden Schule nach M\u00f6glichkeit noch vor Beginn der Sommerferien durchgef\u00fchrt wird.<\/li>\n<\/ul>\n","protected":false},"excerpt":{"rendered":"<p>Hier finden Sie die aktuellen \u00dcbertrittsbedingungen der Beratungsstelle am staatlichen Schulamt N\u00fcrnberg: Padlet Hier finden Sie s\u00e4mtliche Hinweise des Kultusministeriums rund um \u00dcbertritt und Schulartwechsel. Link Hier finden Sie die Informationen der Schulberatung rund um den \u00dcbertritt. Link \u00dcbertrittsbedingungen in die M-Klassen Ihr Kind kann in die 7. Jahrgangsstufe des M-Zweiges eintreten, wenn es im &hellip; <a href=\"https:\/\/schule-katzwang.de\/?page_id=1789\" class=\"more-link\"><span class=\"screen-reader-text\">\u00dcbertritt<\/span> weiterlesen<\/a><\/p>\n","protected":false},"author":1,"featured_media":0,"parent":1275,"menu_order":3,"comment_status":"closed","ping_status":"closed","template":"","meta":{"ngg_post_thumbnail":0,"footnotes":""},"class_list":["post-1789","page","type-page","status-publish","hentry"],"_links":{"self":[{"href":"https:\/\/schule-katzwang.de\/index.php?rest_route=\/wp\/v2\/pages\/1789","targetHints":{"allow":["GET"]}}],"collection":[{"href":"https:\/\/schule-katzwang.de\/index.php?rest_route=\/wp\/v2\/pages"}],"about":[{"href":"https:\/\/schule-katzwang.de\/index.php?rest_route=\/wp\/v2\/types\/page"}],"author":[{"embeddable":true,"href":"https:\/\/schule-katzwang.de\/index.php?rest_route=\/wp\/v2\/users\/1"}],"replies":[{"embeddable":true,"href":"https:\/\/schule-katzwang.de\/index.php?rest_route=%2Fwp%2Fv2%2Fcomments&post=1789"}],"version-history":[{"count":12,"href":"https:\/\/schule-katzwang.de\/index.php?rest_route=\/wp\/v2\/pages\/1789\/revisions"}],"predecessor-version":[{"id":3342,"href":"https:\/\/schule-katzwang.de\/index.php?rest_route=\/wp\/v2\/pages\/1789\/revisions\/3342"}],"up":[{"embeddable":true,"href":"https:\/\/schule-katzwang.de\/index.php?rest_route=\/wp\/v2\/pages\/1275"}],"wp:attachment":[{"href":"https:\/\/schule-katzwang.de\/index.php?rest_route=%2Fwp%2Fv2%2Fmedia&parent=1789"}],"curies":[{"name":"wp","href":"https:\/\/api.w.org\/{rel}","templated":true}]}}