{"id":1737,"date":"2020-03-18T17:00:10","date_gmt":"2020-03-18T17:00:10","guid":{"rendered":"http:\/\/schule-katzwang.de\/?page_id=1737"},"modified":"2020-03-18T17:00:10","modified_gmt":"2020-03-18T17:00:10","slug":"schuelerlotsen","status":"publish","type":"page","link":"https:\/\/schule-katzwang.de\/?page_id=1737","title":{"rendered":"Sch\u00fclerlotsen"},"content":{"rendered":"\n<p class=\"has-medium-font-size\"><strong>Faschingsfeier der N\u00fcrnberger Sch\u00fclerlotsen und Coolrider<\/strong><\/p>\n\n\n\n<p>Gestern (20.02.2020) fand die j\u00e4hrliche Faschingsfeier aller N\u00fcrnberger Sch\u00fclerlotsen und Coolrider erneut in der LUX- Junge Kirche in N\u00fcrnberg statt. Die Sch\u00fcler freuten sich, zusammen mit ihren Betreuungslehrern und den Verkehrserziehern der Polizei, \u00fcber die zahlreichen Sachspenden der Sponsoren, das k\u00fcnstlerische Begleitprogramm und die kostenlosen Snacks f\u00fcr zwischendurch. Es war ein wirklich gelungener Nachmittag.<\/p>\n\n\n\n<div class=\"wp-block-image\"><figure class=\"aligncenter size-medium\"><img loading=\"lazy\" decoding=\"async\" width=\"300\" height=\"148\" src=\"https:\/\/schule-katzwang.de\/wp-content\/uploads\/2020\/03\/Sch\u00fclerlotsen1-1-300x148.png\" alt=\"\" class=\"wp-image-1739\" srcset=\"https:\/\/schule-katzwang.de\/wp-content\/uploads\/2020\/03\/Sch\u00fclerlotsen1-1-300x148.png 300w, https:\/\/schule-katzwang.de\/wp-content\/uploads\/2020\/03\/Sch\u00fclerlotsen1-1-500x246.png 500w, https:\/\/schule-katzwang.de\/wp-content\/uploads\/2020\/03\/Sch\u00fclerlotsen1-1.png 545w\" sizes=\"auto, (max-width: 300px) 100vw, 300px\" \/><\/figure><\/div>\n\n\n\n<p>Neben <strong>Ess- und Einkaufsgutscheinen<\/strong> konnten unsere\nKatzwanger Lotsinnen und Lotsen in diesem Jahr einen <strong>Museumsgutschein<\/strong>,\neine <strong>Bluetooth Lautsprecherbox<\/strong>, sowie <strong>einen der beiden Hauptgewinne<\/strong>\n(ein neues <strong><em>Fahrrad)<\/em><\/strong> einheimsen. Wir sagen: Danke f\u00fcr euren\nEinsatz und herzlichen Gl\u00fcckwunsch!<\/p>\n\n\n\n<div class=\"wp-block-image is-style-default\"><figure class=\"aligncenter size-medium\"><img loading=\"lazy\" decoding=\"async\" width=\"300\" height=\"225\" src=\"https:\/\/schule-katzwang.de\/wp-content\/uploads\/2020\/03\/Sch\u00fclerlotsen2.png-300x225.jpg\" alt=\"\" class=\"wp-image-1740\" srcset=\"https:\/\/schule-katzwang.de\/wp-content\/uploads\/2020\/03\/Sch\u00fclerlotsen2.png-300x225.jpg 300w, https:\/\/schule-katzwang.de\/wp-content\/uploads\/2020\/03\/Sch\u00fclerlotsen2.png-1024x768.jpg 1024w, https:\/\/schule-katzwang.de\/wp-content\/uploads\/2020\/03\/Sch\u00fclerlotsen2.png-768x576.jpg 768w, https:\/\/schule-katzwang.de\/wp-content\/uploads\/2020\/03\/Sch\u00fclerlotsen2.png-400x300.jpg 400w, https:\/\/schule-katzwang.de\/wp-content\/uploads\/2020\/03\/Sch\u00fclerlotsen2.png.jpg 1276w\" sizes=\"auto, (max-width: 300px) 100vw, 300px\" \/><\/figure><\/div>\n\n\n\n<p><\/p>\n","protected":false},"excerpt":{"rendered":"<p>Faschingsfeier der N\u00fcrnberger Sch\u00fclerlotsen und Coolrider Gestern (20.02.2020) fand die j\u00e4hrliche Faschingsfeier aller N\u00fcrnberger Sch\u00fclerlotsen und Coolrider erneut in der LUX- Junge Kirche in N\u00fcrnberg statt. Die Sch\u00fcler freuten sich, zusammen mit ihren Betreuungslehrern und den Verkehrserziehern der Polizei, \u00fcber die zahlreichen Sachspenden der Sponsoren, das k\u00fcnstlerische Begleitprogramm und die kostenlosen Snacks f\u00fcr zwischendurch. Es &hellip; <a href=\"https:\/\/schule-katzwang.de\/?page_id=1737\" class=\"more-link\"><span class=\"screen-reader-text\">Sch\u00fclerlotsen<\/span> weiterlesen<\/a><\/p>\n","protected":false},"author":1,"featured_media":0,"parent":1396,"menu_order":14,"comment_status":"closed","ping_status":"closed","template":"","meta":{"ngg_post_thumbnail":0,"footnotes":""},"class_list":["post-1737","page","type-page","status-publish","hentry"],"_links":{"self":[{"href":"https:\/\/schule-katzwang.de\/index.php?rest_route=\/wp\/v2\/pages\/1737","targetHints":{"allow":["GET"]}}],"collection":[{"href":"https:\/\/schule-katzwang.de\/index.php?rest_route=\/wp\/v2\/pages"}],"about":[{"href":"https:\/\/schule-katzwang.de\/index.php?rest_route=\/wp\/v2\/types\/page"}],"author":[{"embeddable":true,"href":"https:\/\/schule-katzwang.de\/index.php?rest_route=\/wp\/v2\/users\/1"}],"replies":[{"embeddable":true,"href":"https:\/\/schule-katzwang.de\/index.php?rest_route=%2Fwp%2Fv2%2Fcomments&post=1737"}],"version-history":[{"count":1,"href":"https:\/\/schule-katzwang.de\/index.php?rest_route=\/wp\/v2\/pages\/1737\/revisions"}],"predecessor-version":[{"id":1741,"href":"https:\/\/schule-katzwang.de\/index.php?rest_route=\/wp\/v2\/pages\/1737\/revisions\/1741"}],"up":[{"embeddable":true,"href":"https:\/\/schule-katzwang.de\/index.php?rest_route=\/wp\/v2\/pages\/1396"}],"wp:attachment":[{"href":"https:\/\/schule-katzwang.de\/index.php?rest_route=%2Fwp%2Fv2%2Fmedia&parent=1737"}],"curies":[{"name":"wp","href":"https:\/\/api.w.org\/{rel}","templated":true}]}}