{"id":1581,"date":"2019-12-19T10:39:41","date_gmt":"2019-12-19T10:39:41","guid":{"rendered":"http:\/\/schule-katzwang.de\/?page_id=1581"},"modified":"2024-01-16T09:36:42","modified_gmt":"2024-01-16T09:36:42","slug":"smv","status":"publish","type":"page","link":"https:\/\/schule-katzwang.de\/?page_id=1581","title":{"rendered":"SMV"},"content":{"rendered":"\n<p><strong>Nikolausaktion der\nSMV<\/strong><\/p>\n\n\n\n<p>Am 6. Dezember 2023 haben wir, die SMV der Grund- und Mittelschule Katzwang, eine Nikolausaktion f\u00fcr die Grundschule durchgef\u00fchrt. Dabei haben unsere flei\u00dfigen Helfer kleine Schokonikol\u00e4use und Mandarinen an die Grundsch\u00fcler verteilt. Als Dankesch\u00f6n haben manche Klassen uns ein Lied gesungen oder ein Gedicht aufgesagt. <\/p>\n\n\n\n<p>Ein herzliches Dankesch\u00f6n an alle Helfer und das ganze Nikolaus-Team <\/p>\n\n\n\n<p class=\"has-medium-font-size\"><strong>Spendenaktion der SMV: Johanniter &#8211; Weihnachtstrucker<\/strong><\/p>\n\n\n\n<p>Eine gro\u00dfartige Aktion f\u00fcr Menschen in Not startete dieses Jahr die SMV unserer Schule. Jede Klasse folgte also dem Aufruf der \u201eJohanniter \u2013 Weihnachtstrucker\u201c und packte ein gro\u00dfes Paket mit wichtigen Hilfsg\u00fctern. Die aufgelisteten Lebensmittel, wie Zucker, Mehl oder Reis und Hygieneartikel, wie Seifen oder Zahnb\u00fcrsten wurden von allen Kindern der Klasse einzeln besorgt. An dieser Stelle sei den Eltern f\u00fcr ihre Spendenbereitschaft noch einmal herzlich gedankt!!! Im Religionsunterricht unterst\u00fctzten wir die Aktion ebenfalls, indem wir die Pakete freundlich bemalten und gebastelte Engel oder Sterne beif\u00fcgten.<\/p>\n\n\n\n<figure class=\"wp-block-image size-full\"><a href=\"https:\/\/schule-katzwang.de\/wp-content\/uploads\/2024\/01\/image-7.png\"><img loading=\"lazy\" decoding=\"async\" width=\"368\" height=\"492\" src=\"https:\/\/schule-katzwang.de\/wp-content\/uploads\/2024\/01\/image-7.png\" alt=\"\" class=\"wp-image-3329\" srcset=\"https:\/\/schule-katzwang.de\/wp-content\/uploads\/2024\/01\/image-7.png 368w, https:\/\/schule-katzwang.de\/wp-content\/uploads\/2024\/01\/image-7-224x300.png 224w\" sizes=\"auto, (max-width: 368px) 100vw, 368px\" \/><\/a><figcaption class=\"wp-element-caption\">Charlotte, Chiara, Emily (3b)<\/figcaption><\/figure>\n","protected":false},"excerpt":{"rendered":"<p>Nikolausaktion der SMV Am 6. Dezember 2023 haben wir, die SMV der Grund- und Mittelschule Katzwang, eine Nikolausaktion f\u00fcr die Grundschule durchgef\u00fchrt. Dabei haben unsere flei\u00dfigen Helfer kleine Schokonikol\u00e4use und Mandarinen an die Grundsch\u00fcler verteilt. Als Dankesch\u00f6n haben manche Klassen uns ein Lied gesungen oder ein Gedicht aufgesagt. Ein herzliches Dankesch\u00f6n an alle Helfer und &hellip; <a href=\"https:\/\/schule-katzwang.de\/?page_id=1581\" class=\"more-link\"><span class=\"screen-reader-text\">SMV<\/span> weiterlesen<\/a><\/p>\n","protected":false},"author":1,"featured_media":0,"parent":1277,"menu_order":9,"comment_status":"closed","ping_status":"closed","template":"","meta":{"ngg_post_thumbnail":0,"footnotes":""},"class_list":["post-1581","page","type-page","status-publish","hentry"],"_links":{"self":[{"href":"https:\/\/schule-katzwang.de\/index.php?rest_route=\/wp\/v2\/pages\/1581","targetHints":{"allow":["GET"]}}],"collection":[{"href":"https:\/\/schule-katzwang.de\/index.php?rest_route=\/wp\/v2\/pages"}],"about":[{"href":"https:\/\/schule-katzwang.de\/index.php?rest_route=\/wp\/v2\/types\/page"}],"author":[{"embeddable":true,"href":"https:\/\/schule-katzwang.de\/index.php?rest_route=\/wp\/v2\/users\/1"}],"replies":[{"embeddable":true,"href":"https:\/\/schule-katzwang.de\/index.php?rest_route=%2Fwp%2Fv2%2Fcomments&post=1581"}],"version-history":[{"count":5,"href":"https:\/\/schule-katzwang.de\/index.php?rest_route=\/wp\/v2\/pages\/1581\/revisions"}],"predecessor-version":[{"id":3330,"href":"https:\/\/schule-katzwang.de\/index.php?rest_route=\/wp\/v2\/pages\/1581\/revisions\/3330"}],"up":[{"embeddable":true,"href":"https:\/\/schule-katzwang.de\/index.php?rest_route=\/wp\/v2\/pages\/1277"}],"wp:attachment":[{"href":"https:\/\/schule-katzwang.de\/index.php?rest_route=%2Fwp%2Fv2%2Fmedia&parent=1581"}],"curies":[{"name":"wp","href":"https:\/\/api.w.org\/{rel}","templated":true}]}}