{"id":1533,"date":"2019-12-05T12:35:29","date_gmt":"2019-12-05T12:35:29","guid":{"rendered":"http:\/\/schule-katzwang.de\/?page_id=1533"},"modified":"2020-03-28T17:30:58","modified_gmt":"2020-03-28T17:30:58","slug":"schulgarten-ag","status":"publish","type":"page","link":"https:\/\/schule-katzwang.de\/?page_id=1533","title":{"rendered":"Schulgarten AG"},"content":{"rendered":"\n<figure class=\"wp-block-image size-large\"><img loading=\"lazy\" decoding=\"async\" width=\"1024\" height=\"768\" src=\"https:\/\/schule-katzwang.de\/wp-content\/uploads\/2020\/03\/20180622_085439-1024x768.jpg\" alt=\"\" class=\"wp-image-1825\" srcset=\"https:\/\/schule-katzwang.de\/wp-content\/uploads\/2020\/03\/20180622_085439-1024x768.jpg 1024w, https:\/\/schule-katzwang.de\/wp-content\/uploads\/2020\/03\/20180622_085439-300x225.jpg 300w, https:\/\/schule-katzwang.de\/wp-content\/uploads\/2020\/03\/20180622_085439-768x576.jpg 768w, https:\/\/schule-katzwang.de\/wp-content\/uploads\/2020\/03\/20180622_085439-1536x1152.jpg 1536w, https:\/\/schule-katzwang.de\/wp-content\/uploads\/2020\/03\/20180622_085439-2048x1536.jpg 2048w, https:\/\/schule-katzwang.de\/wp-content\/uploads\/2020\/03\/20180622_085439-400x300.jpg 400w\" sizes=\"auto, (max-width: 1024px) 100vw, 1024px\" \/><figcaption>Das war die brach liegende Wiese hinter unserem Schulhaus 3 im urspr\u00fcnglichem Zustand, bis M\u00e4rz 2018.<\/figcaption><\/figure>\n\n\n\n\n\n<figure class=\"wp-block-image size-large\"><img loading=\"lazy\" decoding=\"async\" width=\"1024\" height=\"576\" src=\"https:\/\/schule-katzwang.de\/wp-content\/uploads\/2020\/03\/20190625_120909-1024x576.jpg\" alt=\"\" class=\"wp-image-1835\" srcset=\"https:\/\/schule-katzwang.de\/wp-content\/uploads\/2020\/03\/20190625_120909-1024x576.jpg 1024w, https:\/\/schule-katzwang.de\/wp-content\/uploads\/2020\/03\/20190625_120909-300x169.jpg 300w, https:\/\/schule-katzwang.de\/wp-content\/uploads\/2020\/03\/20190625_120909-768x432.jpg 768w, https:\/\/schule-katzwang.de\/wp-content\/uploads\/2020\/03\/20190625_120909-1536x864.jpg 1536w, https:\/\/schule-katzwang.de\/wp-content\/uploads\/2020\/03\/20190625_120909-2048x1152.jpg 2048w, https:\/\/schule-katzwang.de\/wp-content\/uploads\/2020\/03\/20190625_120909-500x281.jpg 500w\" sizes=\"auto, (max-width: 1024px) 100vw, 1024px\" \/><figcaption>Im folgenden Jahr kam ein umrandender Holzzaun, zwei Hochbeete und ein Bodenbeet hinzu. Von Sch\u00fclern wurden Gem\u00fcseplfanzen und Beerenstr\u00e4ucher gepflanzt. Der flei\u00dfige Gie\u00dfdienst sorgte daf\u00fcr, dass wir eine reiche Ernte erhielten.<\/figcaption><\/figure>\n\n\n\n<figure class=\"wp-block-image size-large\"><img decoding=\"async\" src=\"blob:https:\/\/schule-katzwang.de\/608401a6-34b1-4be4-a921-fe1f614b6c39\" alt=\"\"\/><\/figure>\n\n\n\n<figure class=\"wp-block-image size-large\"><img loading=\"lazy\" decoding=\"async\" width=\"764\" height=\"476\" src=\"https:\/\/schule-katzwang.de\/wp-content\/uploads\/2020\/03\/Igelhotel-Insektenhotel.jpg\" alt=\"\" class=\"wp-image-1837\" srcset=\"https:\/\/schule-katzwang.de\/wp-content\/uploads\/2020\/03\/Igelhotel-Insektenhotel.jpg 764w, https:\/\/schule-katzwang.de\/wp-content\/uploads\/2020\/03\/Igelhotel-Insektenhotel-300x187.jpg 300w, https:\/\/schule-katzwang.de\/wp-content\/uploads\/2020\/03\/Igelhotel-Insektenhotel-482x300.jpg 482w\" sizes=\"auto, (max-width: 764px) 100vw, 764px\" \/><figcaption>Die Schulgarten AG baute \u00fcber den Winter ein Insektenhotel und danach ein Igelhotel.<\/figcaption><\/figure>\n\n\n\n<figure class=\"wp-block-image size-large\"><img loading=\"lazy\" decoding=\"async\" width=\"664\" height=\"442\" src=\"https:\/\/schule-katzwang.de\/wp-content\/uploads\/2020\/03\/Eichh\u00f6rnchenimbiss-alle.jpg\" alt=\"\" class=\"wp-image-1838\" srcset=\"https:\/\/schule-katzwang.de\/wp-content\/uploads\/2020\/03\/Eichh\u00f6rnchenimbiss-alle.jpg 664w, https:\/\/schule-katzwang.de\/wp-content\/uploads\/2020\/03\/Eichh\u00f6rnchenimbiss-alle-300x200.jpg 300w, https:\/\/schule-katzwang.de\/wp-content\/uploads\/2020\/03\/Eichh\u00f6rnchenimbiss-alle-451x300.jpg 451w\" sizes=\"auto, (max-width: 664px) 100vw, 664px\" \/><figcaption>Die Katzwanger- Eichh\u00f6rnchen werden zu einem Imbiss im Schulgarten eingeladen. <\/figcaption><\/figure>\n\n\n\n<figure class=\"wp-block-image size-large\"><img loading=\"lazy\" decoding=\"async\" width=\"324\" height=\"498\" src=\"https:\/\/schule-katzwang.de\/wp-content\/uploads\/2020\/03\/Vogelh\u00e4uschen.jpg\" alt=\"\" class=\"wp-image-1839\" srcset=\"https:\/\/schule-katzwang.de\/wp-content\/uploads\/2020\/03\/Vogelh\u00e4uschen.jpg 324w, https:\/\/schule-katzwang.de\/wp-content\/uploads\/2020\/03\/Vogelh\u00e4uschen-195x300.jpg 195w\" sizes=\"auto, (max-width: 324px) 100vw, 324px\" \/><figcaption>Auch die V\u00f6gel erhielten gef\u00fcllte Futterh\u00e4uschen, die die Sch\u00fcler selbst zusammen bauten.<\/figcaption><\/figure>\n","protected":false},"excerpt":{"rendered":"","protected":false},"author":1,"featured_media":0,"parent":1396,"menu_order":11,"comment_status":"closed","ping_status":"closed","template":"","meta":{"ngg_post_thumbnail":0,"footnotes":""},"class_list":["post-1533","page","type-page","status-publish","hentry"],"_links":{"self":[{"href":"https:\/\/schule-katzwang.de\/index.php?rest_route=\/wp\/v2\/pages\/1533","targetHints":{"allow":["GET"]}}],"collection":[{"href":"https:\/\/schule-katzwang.de\/index.php?rest_route=\/wp\/v2\/pages"}],"about":[{"href":"https:\/\/schule-katzwang.de\/index.php?rest_route=\/wp\/v2\/types\/page"}],"author":[{"embeddable":true,"href":"https:\/\/schule-katzwang.de\/index.php?rest_route=\/wp\/v2\/users\/1"}],"replies":[{"embeddable":true,"href":"https:\/\/schule-katzwang.de\/index.php?rest_route=%2Fwp%2Fv2%2Fcomments&post=1533"}],"version-history":[{"count":4,"href":"https:\/\/schule-katzwang.de\/index.php?rest_route=\/wp\/v2\/pages\/1533\/revisions"}],"predecessor-version":[{"id":1843,"href":"https:\/\/schule-katzwang.de\/index.php?rest_route=\/wp\/v2\/pages\/1533\/revisions\/1843"}],"up":[{"embeddable":true,"href":"https:\/\/schule-katzwang.de\/index.php?rest_route=\/wp\/v2\/pages\/1396"}],"wp:attachment":[{"href":"https:\/\/schule-katzwang.de\/index.php?rest_route=%2Fwp%2Fv2%2Fmedia&parent=1533"}],"curies":[{"name":"wp","href":"https:\/\/api.w.org\/{rel}","templated":true}]}}