{"id":1385,"date":"2019-11-21T20:45:56","date_gmt":"2019-11-21T20:45:56","guid":{"rendered":"http:\/\/schule-katzwang.de\/?page_id=1385"},"modified":"2026-03-11T12:05:12","modified_gmt":"2026-03-11T12:05:12","slug":"offene-ganztagesschule","status":"publish","type":"page","link":"https:\/\/schule-katzwang.de\/?page_id=1385","title":{"rendered":"Offene Ganztagesschule"},"content":{"rendered":"\n<p class=\"has-text-align-left has-small-font-size\">Unsere offene Ganztagsschule (OGS) ist von Montag bis Donnerstag von 13:00 bis 16:00 Uhr ge\u00f6ffnet. Die Sch\u00fclerinnen und Sch\u00fcler k\u00f6nnen dort f\u00fcr 4,00 \u20ac zu Mittag essen und im Anschluss ihre Hausaufgaben unter Aufsicht von p\u00e4dagogischem Personal erledigen. Dies geschieht unter Ber\u00fccksichtigung des schulischen Hygieneplans. Die Kinder werden in Gruppen aufgeteilt und von Mitarbeiter\/innen der OGS angeleitet, die zur Abstimmung mit den Klassenlehrer\/innen in Kontakt stehen. Ziel ist es, den Sch\u00fclerinnen und Sch\u00fclern die M\u00f6glichkeit zu geben, ihre Hausaufgaben in Ruhe und konzentriert zu erledigen und den Lernstoff zu vertiefen. Anschlie\u00dfend werden individuelle Neigungen und Begabungen in Spiel- und Neigungsgruppen gef\u00f6rdert, bei denen auch der Spa\u00df nicht zu kurz kommt. Die Inhalte der Angebote wechseln und k\u00f6nnen sich \u2013 im Rahmen der pandemiebedingten M\u00f6glichkeiten \u2013 in den Bereichen freies Spiel, Hip-Hop, Kegeln, Basteln, Lesen usw. bewegen.<\/p>\n\n\n\n<p class=\"has-light-pink-background-color has-background\"><strong>Hier finden Sie die Formulare, die Sie ben\u00f6tigen.<\/strong><\/p>\n\n\n\n<div class=\"wp-block-file\"><a id=\"wp-block-file--media-5163e54e-8cd1-43dd-abc8-783326531c6e\" href=\"https:\/\/schule-katzwang.de\/wp-content\/uploads\/2025\/06\/Flyer-MS-Katzwang-11.4.2024.pdf\">Flyer MS Katzwang 11.4.2024<\/a><\/div>\n\n\n\n<div class=\"wp-block-file\"><a id=\"wp-block-file--media-a7c21dd2-3188-4c11-b595-9a13c6ebe61f\" href=\"https:\/\/schule-katzwang.de\/wp-content\/uploads\/2022\/03\/Anmelde-Formular-Schueler-Mo-Fr_2-1.pdf\">Anmelde-Formular-MensaMax<\/a><\/div>\n\n\n\n<div data-wp-interactive=\"core\/file\" class=\"wp-block-file\"><object data-wp-bind--hidden=\"!state.hasPdfPreview\" hidden class=\"wp-block-file__embed\" data=\"https:\/\/schule-katzwang.de\/wp-content\/uploads\/2026\/02\/InfoBrief-_KAT_Selbst2026-2027.pdf\" type=\"application\/pdf\" style=\"width:100%;height:600px\" aria-label=\"Einbettung von InfoBrief _KAT_Selbst2026-2027.\"><\/object><a id=\"wp-block-file--media-2662eac9-232c-4e8d-9085-2e8408e8ee2d\" href=\"https:\/\/schule-katzwang.de\/wp-content\/uploads\/2026\/02\/InfoBrief-_KAT_Selbst2026-2027.pdf\">InfoBrief _KAT_Selbst2026-2027<\/a><a href=\"https:\/\/schule-katzwang.de\/wp-content\/uploads\/2026\/02\/InfoBrief-_KAT_Selbst2026-2027.pdf\" class=\"wp-block-file__button wp-element-button\" download aria-describedby=\"wp-block-file--media-2662eac9-232c-4e8d-9085-2e8408e8ee2d\">Herunterladen<\/a><\/div>\n\n\n\n<div data-wp-interactive=\"core\/file\" class=\"wp-block-file\"><object data-wp-bind--hidden=\"!state.hasPdfPreview\" hidden class=\"wp-block-file__embed\" data=\"https:\/\/schule-katzwang.de\/wp-content\/uploads\/2026\/03\/Anmeldeformular-OGTS-Mittelschule-Katzwang-1.pdf\" type=\"application\/pdf\" style=\"width:100%;height:600px\" aria-label=\"Einbettung von Anmeldeformular OGTS Mittelschule Katzwang-1.\"><\/object><a id=\"wp-block-file--media-ab62faf1-9e2e-4423-bbfa-ba9db7b197a2\" href=\"https:\/\/schule-katzwang.de\/wp-content\/uploads\/2026\/03\/Anmeldeformular-OGTS-Mittelschule-Katzwang-1.pdf\">Anmeldeformular OGTS Mittelschule Katzwang-1<\/a><a href=\"https:\/\/schule-katzwang.de\/wp-content\/uploads\/2026\/03\/Anmeldeformular-OGTS-Mittelschule-Katzwang-1.pdf\" class=\"wp-block-file__button wp-element-button\" download aria-describedby=\"wp-block-file--media-ab62faf1-9e2e-4423-bbfa-ba9db7b197a2\">Herunterladen<\/a><\/div>\n","protected":false},"excerpt":{"rendered":"<p>Unsere offene Ganztagsschule (OGS) ist von Montag bis Donnerstag von 13:00 bis 16:00 Uhr ge\u00f6ffnet. Die Sch\u00fclerinnen und Sch\u00fcler k\u00f6nnen dort f\u00fcr 4,00 \u20ac zu Mittag essen und im Anschluss ihre Hausaufgaben unter Aufsicht von p\u00e4dagogischem Personal erledigen. Dies geschieht unter Ber\u00fccksichtigung des schulischen Hygieneplans. Die Kinder werden in Gruppen aufgeteilt und von Mitarbeiter\/innen der &hellip; <a href=\"https:\/\/schule-katzwang.de\/?page_id=1385\" class=\"more-link\"><span class=\"screen-reader-text\">Offene Ganztagesschule<\/span> weiterlesen<\/a><\/p>\n","protected":false},"author":1,"featured_media":0,"parent":1277,"menu_order":8,"comment_status":"closed","ping_status":"closed","template":"","meta":{"ngg_post_thumbnail":0,"footnotes":""},"class_list":["post-1385","page","type-page","status-publish","hentry"],"_links":{"self":[{"href":"https:\/\/schule-katzwang.de\/index.php?rest_route=\/wp\/v2\/pages\/1385","targetHints":{"allow":["GET"]}}],"collection":[{"href":"https:\/\/schule-katzwang.de\/index.php?rest_route=\/wp\/v2\/pages"}],"about":[{"href":"https:\/\/schule-katzwang.de\/index.php?rest_route=\/wp\/v2\/types\/page"}],"author":[{"embeddable":true,"href":"https:\/\/schule-katzwang.de\/index.php?rest_route=\/wp\/v2\/users\/1"}],"replies":[{"embeddable":true,"href":"https:\/\/schule-katzwang.de\/index.php?rest_route=%2Fwp%2Fv2%2Fcomments&post=1385"}],"version-history":[{"count":17,"href":"https:\/\/schule-katzwang.de\/index.php?rest_route=\/wp\/v2\/pages\/1385\/revisions"}],"predecessor-version":[{"id":3694,"href":"https:\/\/schule-katzwang.de\/index.php?rest_route=\/wp\/v2\/pages\/1385\/revisions\/3694"}],"up":[{"embeddable":true,"href":"https:\/\/schule-katzwang.de\/index.php?rest_route=\/wp\/v2\/pages\/1277"}],"wp:attachment":[{"href":"https:\/\/schule-katzwang.de\/index.php?rest_route=%2Fwp%2Fv2%2Fmedia&parent=1385"}],"curies":[{"name":"wp","href":"https:\/\/api.w.org\/{rel}","templated":true}]}}