{"id":1375,"date":"2019-11-21T20:32:08","date_gmt":"2019-11-21T20:32:08","guid":{"rendered":"http:\/\/schule-katzwang.de\/?page_id=1375"},"modified":"2020-03-27T13:50:48","modified_gmt":"2020-03-27T13:50:48","slug":"pausenordnung","status":"publish","type":"page","link":"https:\/\/schule-katzwang.de\/?page_id=1375","title":{"rendered":"Pausenordnung"},"content":{"rendered":"\n<p><em><strong>Regen-\/ Hauspause \/ Pausendauer <\/strong><\/em><\/p>\n\n\n\n<p><strong>Regen-\/ Hauspause:<\/strong><\/p>\n\n\n\n<ul class=\"wp-block-list\"><li>1. Pause: GS unter der \u00dcberdachung, HS in Bau 3<\/li><li>2. Pause: HS unter der \u00dcberdachung, GS in Bau 1, 2, 4 , bzw. in den<br>Klassenr\u00e4umen<\/li><\/ul>\n\n\n\n<p><strong>Pausendauer:<\/strong><\/p>\n\n\n\n<ul class=\"wp-block-list\"><li>1. Pause von 9.25 Uhr \u2013 9.45 Uhr (Unterrichtsbeginn 7.55 Uhr)<\/li><li>2. Pause von 11.15 Uhr \u2013 11.30 Uhr<\/li><\/ul>\n\n\n\n<p><strong>Vor der Pause<\/strong><\/p>\n\n\n\n<ul class=\"wp-block-list\"><li>Zimmerwechsel grunds\u00e4tzlich vor der Pause, wenn keine<br>Sonderabsprachen<\/li><\/ul>\n\n\n\n<ul class=\"wp-block-list\"><li>Grundsch\u00fcler vor dem allgemeinen Andrang zum Pausenverkauf<br>schicken oder<\/li><li>Vorbestellung um&nbsp; 8 Uhr<\/li><\/ul>\n\n\n\n<p><strong>Pausenverlauf<\/strong><\/p>\n\n\n\n<ul class=\"wp-block-list\"><li>gemeinsame H\u00f6fe f\u00fcr Grund- und Hauptsch\u00fcler, auf jedem Hof sind jeweils 2 Lehrkr\u00e4fte als Pausenaufsicht.<\/li><li>Pausenhofgrenzen: Geteerte, bzw. gepflasterte Fl\u00e4chen sind<br>nutzbarer Pausenhof (Treppenaufgang neben Haus 4 und Zugang in<br>Richtung Turnhalle sind ausgenommen). Hofteil mit Rindenmulch und<br>Holzgestell wird zur Ruhezone. Gr\u00fcnanlagen und Baumscheiben d\u00fcrfen<br>nicht betreten werden.<\/li><\/ul>\n\n\n\n<ul class=\"wp-block-list\"><li>Spiele im Pausenhof (Spieletonne, Fu\u00dfball,&#8230;, keine Ballspiele bei<br>nassem Untergrund)<\/li><li>Benutzung der Toiletten: Beginn und Ende der Pausen.<\/li><li>T\u00fcrdienste der 9. Klasse sind an Sonderkleidung erkennbar.<\/li><\/ul>\n\n\n\n<p><strong>Nach der Pause<\/strong><\/p>\n\n\n\n<ul class=\"wp-block-list\"><li>Aufstellpl\u00e4tze werden von den Lehrkr\u00e4ften bestimmt.<\/li><li>Abholen der Klassen durch die Lehrkraft; Abholfrist: binnen 5 Min. nach Pausenende<\/li><\/ul>\n\n\n\n<p><strong>Schulleitung und Kollegium<\/strong><br><strong>der GS und MS N\u00fcrnberg-Katzwang<\/strong><\/p>\n","protected":false},"excerpt":{"rendered":"<p>Regen-\/ Hauspause \/ Pausendauer Regen-\/ Hauspause: 1. Pause: GS unter der \u00dcberdachung, HS in Bau 3 2. Pause: HS unter der \u00dcberdachung, GS in Bau 1, 2, 4 , bzw. in denKlassenr\u00e4umen Pausendauer: 1. Pause von 9.25 Uhr \u2013 9.45 Uhr (Unterrichtsbeginn 7.55 Uhr) 2. Pause von 11.15 Uhr \u2013 11.30 Uhr Vor der Pause &hellip; <a href=\"https:\/\/schule-katzwang.de\/?page_id=1375\" class=\"more-link\"><span class=\"screen-reader-text\">Pausenordnung<\/span> weiterlesen<\/a><\/p>\n","protected":false},"author":1,"featured_media":0,"parent":1275,"menu_order":10,"comment_status":"closed","ping_status":"closed","template":"","meta":{"ngg_post_thumbnail":0,"footnotes":""},"class_list":["post-1375","page","type-page","status-publish","hentry"],"_links":{"self":[{"href":"https:\/\/schule-katzwang.de\/index.php?rest_route=\/wp\/v2\/pages\/1375","targetHints":{"allow":["GET"]}}],"collection":[{"href":"https:\/\/schule-katzwang.de\/index.php?rest_route=\/wp\/v2\/pages"}],"about":[{"href":"https:\/\/schule-katzwang.de\/index.php?rest_route=\/wp\/v2\/types\/page"}],"author":[{"embeddable":true,"href":"https:\/\/schule-katzwang.de\/index.php?rest_route=\/wp\/v2\/users\/1"}],"replies":[{"embeddable":true,"href":"https:\/\/schule-katzwang.de\/index.php?rest_route=%2Fwp%2Fv2%2Fcomments&post=1375"}],"version-history":[{"count":1,"href":"https:\/\/schule-katzwang.de\/index.php?rest_route=\/wp\/v2\/pages\/1375\/revisions"}],"predecessor-version":[{"id":1376,"href":"https:\/\/schule-katzwang.de\/index.php?rest_route=\/wp\/v2\/pages\/1375\/revisions\/1376"}],"up":[{"embeddable":true,"href":"https:\/\/schule-katzwang.de\/index.php?rest_route=\/wp\/v2\/pages\/1275"}],"wp:attachment":[{"href":"https:\/\/schule-katzwang.de\/index.php?rest_route=%2Fwp%2Fv2%2Fmedia&parent=1375"}],"curies":[{"name":"wp","href":"https:\/\/api.w.org\/{rel}","templated":true}]}}