{"id":1370,"date":"2019-11-21T20:27:07","date_gmt":"2019-11-21T20:27:07","guid":{"rendered":"http:\/\/schule-katzwang.de\/?page_id=1370"},"modified":"2020-09-18T06:19:00","modified_gmt":"2020-09-18T06:19:00","slug":"schulhaus","status":"publish","type":"page","link":"https:\/\/schule-katzwang.de\/?page_id=1370","title":{"rendered":"Schulhaus"},"content":{"rendered":"\n<h3 class=\"wp-block-heading\"><strong>Haus 1<\/strong><\/h3>\n\n\n\n<figure class=\"wp-block-image\"><a href=\"https:\/\/schule-katzwang.de\/wp-content\/uploads\/2012\/06\/DSCN1730_komprimiert.jpg\"><img loading=\"lazy\" decoding=\"async\" width=\"300\" height=\"225\" src=\"https:\/\/schule-katzwang.de\/wp-content\/uploads\/2012\/06\/DSCN1730_komprimiert-300x225.jpg\" alt=\"\" class=\"wp-image-285\" srcset=\"https:\/\/schule-katzwang.de\/wp-content\/uploads\/2012\/06\/DSCN1730_komprimiert-300x225.jpg 300w, https:\/\/schule-katzwang.de\/wp-content\/uploads\/2012\/06\/DSCN1730_komprimiert.jpg 640w\" sizes=\"auto, (max-width: 300px) 100vw, 300px\" \/><\/a><\/figure>\n\n\n\n<ul class=\"wp-block-list\"><li>5 Klassenzimmer<\/li><li>2 Mittagsbetreuung<\/li><li>JAS-Zimmer<\/li><li>Schulb\u00fccherei GS<\/li><li>Medienraum<\/li><li>Lernwerkstatt<\/li><\/ul>\n\n\n\n<figure class=\"wp-block-image\"><a href=\"https:\/\/schule-katzwang.de\/wp-content\/uploads\/2012\/06\/DSCN1748_komprimiert.jpg\"><img loading=\"lazy\" decoding=\"async\" width=\"300\" height=\"225\" src=\"https:\/\/schule-katzwang.de\/wp-content\/uploads\/2012\/06\/DSCN1748_komprimiert-300x225.jpg\" alt=\"\" class=\"wp-image-290\" srcset=\"https:\/\/schule-katzwang.de\/wp-content\/uploads\/2012\/06\/DSCN1748_komprimiert-300x225.jpg 300w, https:\/\/schule-katzwang.de\/wp-content\/uploads\/2012\/06\/DSCN1748_komprimiert.jpg 640w\" sizes=\"auto, (max-width: 300px) 100vw, 300px\" \/><\/a><\/figure>\n\n\n\n<h3 class=\"wp-block-heading\"><strong>Haus 2<\/strong><\/h3>\n\n\n\n<ul class=\"wp-block-list\"><li>4 Klassenzimmer<\/li><li>Schulk\u00fcche<\/li><li>Medienr\u00e4ume<\/li><li>Stadtteilb\u00fccherei<\/li><\/ul>\n\n\n\n<figure class=\"wp-block-image\"><a href=\"https:\/\/schule-katzwang.de\/wp-content\/uploads\/2012\/06\/DSCN1724_komprimiert.jpg\"><img loading=\"lazy\" decoding=\"async\" width=\"300\" height=\"225\" src=\"https:\/\/schule-katzwang.de\/wp-content\/uploads\/2012\/06\/DSCN1724_komprimiert-300x225.jpg\" alt=\"\" class=\"wp-image-284\" srcset=\"https:\/\/schule-katzwang.de\/wp-content\/uploads\/2012\/06\/DSCN1724_komprimiert-300x225.jpg 300w, https:\/\/schule-katzwang.de\/wp-content\/uploads\/2012\/06\/DSCN1724_komprimiert.jpg 640w\" sizes=\"auto, (max-width: 300px) 100vw, 300px\" \/><\/a><\/figure>\n\n\n\n<h3 class=\"wp-block-heading\"><strong>Haus 3<\/strong><\/h3>\n\n\n\n<ul class=\"wp-block-list\"><li>5 Klassenzimmer mit Gruppenr\u00e4umen<\/li><li>2 Computerr\u00e4ume<\/li><li>Werkraum<\/li><li>Handarbeitsraum<\/li><li>Sch\u00fclercaf\u00e9<\/li><li>Musikzimmer<\/li><li>Physikraum<\/li><\/ul>\n\n\n\n<figure class=\"wp-block-image\"><a href=\"https:\/\/schule-katzwang.de\/wp-content\/uploads\/2012\/06\/DSCN1725_komprimiert.jpg\"><img loading=\"lazy\" decoding=\"async\" width=\"300\" height=\"225\" src=\"https:\/\/schule-katzwang.de\/wp-content\/uploads\/2012\/06\/DSCN1725_komprimiert-300x225.jpg\" alt=\"\" class=\"wp-image-283\" srcset=\"https:\/\/schule-katzwang.de\/wp-content\/uploads\/2012\/06\/DSCN1725_komprimiert-300x225.jpg 300w, https:\/\/schule-katzwang.de\/wp-content\/uploads\/2012\/06\/DSCN1725_komprimiert.jpg 640w\" sizes=\"auto, (max-width: 300px) 100vw, 300px\" \/><\/a><\/figure>\n\n\n\n<h3 class=\"wp-block-heading\"><strong>Haus 4:<\/strong><\/h3>\n\n\n\n<ul class=\"wp-block-list\"><li>6 Klassenzimmer<\/li><li>Werkraum<\/li><li>Handarbeitsraum<\/li><li>Zeichensaal<\/li><li>Musiksaal<\/li><li>Verwaltungstrakt<\/li><li>Lehrerzimmer<\/li><li>Medienr\u00e4ume<\/li><li>Archiv<\/li><li>Bibliothek<\/li><\/ul>\n\n\n\n<h3 class=\"wp-block-heading\"><strong>Pausenh\u00f6fe<\/strong><\/h3>\n\n\n\n<p>Innerhalb unserer zwei Schulh\u00f6fe finden die Kinder nicht nur R\u00e4ume zum Bewegen wie zum Beispiel am Spielplatz und auf den freien Fl\u00e4chen mit Fu\u00dfballtoren und Basketballk\u00f6r-ben vor, sondern auch eine Ruhezone im gr\u00fc-nen Klassenzimmer.<\/p>\n","protected":false},"excerpt":{"rendered":"<p>Haus 1 5 Klassenzimmer 2 Mittagsbetreuung JAS-Zimmer Schulb\u00fccherei GS Medienraum Lernwerkstatt Haus 2 4 Klassenzimmer Schulk\u00fcche Medienr\u00e4ume Stadtteilb\u00fccherei Haus 3 5 Klassenzimmer mit Gruppenr\u00e4umen 2 Computerr\u00e4ume Werkraum Handarbeitsraum Sch\u00fclercaf\u00e9 Musikzimmer Physikraum Haus 4: 6 Klassenzimmer Werkraum Handarbeitsraum Zeichensaal Musiksaal Verwaltungstrakt Lehrerzimmer Medienr\u00e4ume Archiv Bibliothek Pausenh\u00f6fe Innerhalb unserer zwei Schulh\u00f6fe finden die Kinder nicht nur R\u00e4ume &hellip; <a href=\"https:\/\/schule-katzwang.de\/?page_id=1370\" class=\"more-link\"><span class=\"screen-reader-text\">Schulhaus<\/span> weiterlesen<\/a><\/p>\n","protected":false},"author":1,"featured_media":0,"parent":1275,"menu_order":8,"comment_status":"closed","ping_status":"closed","template":"","meta":{"ngg_post_thumbnail":0,"footnotes":""},"class_list":["post-1370","page","type-page","status-publish","hentry"],"_links":{"self":[{"href":"https:\/\/schule-katzwang.de\/index.php?rest_route=\/wp\/v2\/pages\/1370","targetHints":{"allow":["GET"]}}],"collection":[{"href":"https:\/\/schule-katzwang.de\/index.php?rest_route=\/wp\/v2\/pages"}],"about":[{"href":"https:\/\/schule-katzwang.de\/index.php?rest_route=\/wp\/v2\/types\/page"}],"author":[{"embeddable":true,"href":"https:\/\/schule-katzwang.de\/index.php?rest_route=\/wp\/v2\/users\/1"}],"replies":[{"embeddable":true,"href":"https:\/\/schule-katzwang.de\/index.php?rest_route=%2Fwp%2Fv2%2Fcomments&post=1370"}],"version-history":[{"count":3,"href":"https:\/\/schule-katzwang.de\/index.php?rest_route=\/wp\/v2\/pages\/1370\/revisions"}],"predecessor-version":[{"id":2191,"href":"https:\/\/schule-katzwang.de\/index.php?rest_route=\/wp\/v2\/pages\/1370\/revisions\/2191"}],"up":[{"embeddable":true,"href":"https:\/\/schule-katzwang.de\/index.php?rest_route=\/wp\/v2\/pages\/1275"}],"wp:attachment":[{"href":"https:\/\/schule-katzwang.de\/index.php?rest_route=%2Fwp%2Fv2%2Fmedia&parent=1370"}],"curies":[{"name":"wp","href":"https:\/\/api.w.org\/{rel}","templated":true}]}}