{"id":1368,"date":"2019-11-21T20:23:15","date_gmt":"2019-11-21T20:23:15","guid":{"rendered":"http:\/\/schule-katzwang.de\/?page_id=1368"},"modified":"2020-03-27T13:50:07","modified_gmt":"2020-03-27T13:50:07","slug":"mittelschule","status":"publish","type":"page","link":"https:\/\/schule-katzwang.de\/?page_id=1368","title":{"rendered":"Mittelschule"},"content":{"rendered":"\n<p> Die&nbsp;MS N\u00fcrnberg-Katzwang geh\u00f6rt zu den \u00fcberschaubaren Bildungsanstalten. Die relativ geringe Sch\u00fclerzahl kommt der individuellen Betreuung des Einzelsch\u00fclers und der Zielsetzung einer humanen Schule entgegen. Unsere Klassenlehrkr\u00e4fte unterrichten zwischen 18 \u2013 25 Stunden in der eigenen Klasse und sind deshalb pr\u00e4gende Bezugs- und Vertrauenspersonen f\u00fcr Ihre Kinder. <\/p>\n","protected":false},"excerpt":{"rendered":"<p>Die&nbsp;MS N\u00fcrnberg-Katzwang geh\u00f6rt zu den \u00fcberschaubaren Bildungsanstalten. Die relativ geringe Sch\u00fclerzahl kommt der individuellen Betreuung des Einzelsch\u00fclers und der Zielsetzung einer humanen Schule entgegen. Unsere Klassenlehrkr\u00e4fte unterrichten zwischen 18 \u2013 25 Stunden in der eigenen Klasse und sind deshalb pr\u00e4gende Bezugs- und Vertrauenspersonen f\u00fcr Ihre Kinder.<\/p>\n","protected":false},"author":1,"featured_media":0,"parent":1275,"menu_order":7,"comment_status":"closed","ping_status":"closed","template":"","meta":{"ngg_post_thumbnail":0,"footnotes":""},"class_list":["post-1368","page","type-page","status-publish","hentry"],"_links":{"self":[{"href":"https:\/\/schule-katzwang.de\/index.php?rest_route=\/wp\/v2\/pages\/1368","targetHints":{"allow":["GET"]}}],"collection":[{"href":"https:\/\/schule-katzwang.de\/index.php?rest_route=\/wp\/v2\/pages"}],"about":[{"href":"https:\/\/schule-katzwang.de\/index.php?rest_route=\/wp\/v2\/types\/page"}],"author":[{"embeddable":true,"href":"https:\/\/schule-katzwang.de\/index.php?rest_route=\/wp\/v2\/users\/1"}],"replies":[{"embeddable":true,"href":"https:\/\/schule-katzwang.de\/index.php?rest_route=%2Fwp%2Fv2%2Fcomments&post=1368"}],"version-history":[{"count":2,"href":"https:\/\/schule-katzwang.de\/index.php?rest_route=\/wp\/v2\/pages\/1368\/revisions"}],"predecessor-version":[{"id":1816,"href":"https:\/\/schule-katzwang.de\/index.php?rest_route=\/wp\/v2\/pages\/1368\/revisions\/1816"}],"up":[{"embeddable":true,"href":"https:\/\/schule-katzwang.de\/index.php?rest_route=\/wp\/v2\/pages\/1275"}],"wp:attachment":[{"href":"https:\/\/schule-katzwang.de\/index.php?rest_route=%2Fwp%2Fv2%2Fmedia&parent=1368"}],"curies":[{"name":"wp","href":"https:\/\/api.w.org\/{rel}","templated":true}]}}