{"id":1293,"date":"2019-11-21T12:44:47","date_gmt":"2019-11-21T12:44:47","guid":{"rendered":"http:\/\/schule-katzwang.de\/?page_id=1293"},"modified":"2024-05-15T07:21:52","modified_gmt":"2024-05-15T07:21:52","slug":"1c","status":"publish","type":"page","link":"https:\/\/schule-katzwang.de\/?page_id=1293","title":{"rendered":"3. Klassen"},"content":{"rendered":"\n<p class=\"has-medium-font-size\"><strong>Weihnachtsaktion der dritten Klassen f\u00fcr das Pflegeheim Hess<\/strong><\/p>\n\n\n\n<p>Bei unserem traditionellen Besuch der Senioren in der Adventszeit gaben sich in diesem Jahr die dritten Klassen besondere M\u00fche. So wurden zun\u00e4chst in der Schule flei\u00dfig Sterne, Engel und Karten gebastelt. Au\u00dferdem dichteten wir eigene \u201eAkrostichons\u201c zum Begriff \u201eADVENT\u201c. Nat\u00fcrlich durfte auch das Ein\u00fcben von Weihnachtsliedern nicht fehlen.<\/p>\n\n\n\n<p>Hier sind einige Ergebnisse:<\/p>\n\n\n\n<div class=\"wp-block-columns is-layout-flex wp-container-core-columns-is-layout-9d6595d7 wp-block-columns-is-layout-flex\">\n<div class=\"wp-block-column is-layout-flow wp-block-column-is-layout-flow\" style=\"flex-basis:100%\">\n<div class=\"wp-block-columns is-layout-flex wp-container-core-columns-is-layout-9d6595d7 wp-block-columns-is-layout-flex\">\n<div class=\"wp-block-column is-layout-flow wp-block-column-is-layout-flow\">\n<figure class=\"wp-block-image size-full\"><a href=\"https:\/\/schule-katzwang.de\/wp-content\/uploads\/2024\/01\/image.png\"><img loading=\"lazy\" decoding=\"async\" width=\"602\" height=\"458\" src=\"https:\/\/schule-katzwang.de\/wp-content\/uploads\/2024\/01\/image.png\" alt=\"\" class=\"wp-image-3318\" srcset=\"https:\/\/schule-katzwang.de\/wp-content\/uploads\/2024\/01\/image.png 602w, https:\/\/schule-katzwang.de\/wp-content\/uploads\/2024\/01\/image-300x228.png 300w, https:\/\/schule-katzwang.de\/wp-content\/uploads\/2024\/01\/image-394x300.png 394w\" sizes=\"auto, (max-width: 602px) 100vw, 602px\" \/><\/a><\/figure>\n<\/div>\n\n\n\n<div class=\"wp-block-column is-layout-flow wp-block-column-is-layout-flow\">\n<figure class=\"wp-block-image size-full\"><a href=\"https:\/\/schule-katzwang.de\/wp-content\/uploads\/2024\/01\/image-1.png\"><img loading=\"lazy\" decoding=\"async\" width=\"310\" height=\"481\" src=\"https:\/\/schule-katzwang.de\/wp-content\/uploads\/2024\/01\/image-1.png\" alt=\"\" class=\"wp-image-3319\" srcset=\"https:\/\/schule-katzwang.de\/wp-content\/uploads\/2024\/01\/image-1.png 310w, https:\/\/schule-katzwang.de\/wp-content\/uploads\/2024\/01\/image-1-193x300.png 193w\" sizes=\"auto, (max-width: 310px) 100vw, 310px\" \/><\/a><\/figure>\n<\/div>\n\n\n\n<div class=\"wp-block-column is-layout-flow wp-block-column-is-layout-flow\">\n<figure class=\"wp-block-image size-full\"><a href=\"https:\/\/schule-katzwang.de\/wp-content\/uploads\/2024\/01\/image-2.png\"><img loading=\"lazy\" decoding=\"async\" width=\"327\" height=\"437\" src=\"https:\/\/schule-katzwang.de\/wp-content\/uploads\/2024\/01\/image-2.png\" alt=\"\" class=\"wp-image-3320\" srcset=\"https:\/\/schule-katzwang.de\/wp-content\/uploads\/2024\/01\/image-2.png 327w, https:\/\/schule-katzwang.de\/wp-content\/uploads\/2024\/01\/image-2-224x300.png 224w\" sizes=\"auto, (max-width: 327px) 100vw, 327px\" \/><\/a><\/figure>\n<\/div>\n<\/div>\n<\/div>\n<\/div>\n\n\n\n<p>Am 13. Dezember war es dann so weit. Wir marschierten gut gelaunt zum Pflegeheim in Katzwang und wurden dort bereits mit Spannung erwartet. Alle nahmen ihre Position auf der gro\u00dfen Terrasse vor dem Speisesaal ein, wo uns die Bewohner durch die ge\u00f6ffneten Glast\u00fcren gut sehen konnten. Gemeinsam trugen wir verschiedene Adventslieder vor \u2013 deutschsprachige, aber auch unser Lieblingslied \u201eFeliz Navidad\u201c, bei dem die allgemeine Stimmung besonders fr\u00f6hlich war. Musikalisch wurden wir dabei von Herrn Werner auf seiner Ukulele und von Herrn Fiedler auf seinem Blasinstrument begleitet. Am Ende gab es viel Applaus.<\/p>\n\n\n\n<div class=\"wp-block-columns is-layout-flex wp-container-core-columns-is-layout-9d6595d7 wp-block-columns-is-layout-flex\">\n<div class=\"wp-block-column is-layout-flow wp-block-column-is-layout-flow\">\n<figure class=\"wp-block-image size-full\"><a href=\"https:\/\/schule-katzwang.de\/wp-content\/uploads\/2024\/01\/image-3.png\"><img loading=\"lazy\" decoding=\"async\" width=\"582\" height=\"440\" src=\"https:\/\/schule-katzwang.de\/wp-content\/uploads\/2024\/01\/image-3.png\" alt=\"\" class=\"wp-image-3321\" srcset=\"https:\/\/schule-katzwang.de\/wp-content\/uploads\/2024\/01\/image-3.png 582w, https:\/\/schule-katzwang.de\/wp-content\/uploads\/2024\/01\/image-3-300x227.png 300w, https:\/\/schule-katzwang.de\/wp-content\/uploads\/2024\/01\/image-3-397x300.png 397w\" sizes=\"auto, (max-width: 582px) 100vw, 582px\" \/><\/a><\/figure>\n<\/div>\n\n\n\n<div class=\"wp-block-column is-layout-flow wp-block-column-is-layout-flow\">\n<figure class=\"wp-block-image size-full\"><a href=\"https:\/\/schule-katzwang.de\/wp-content\/uploads\/2024\/01\/image-4.png\"><img loading=\"lazy\" decoding=\"async\" width=\"276\" height=\"365\" src=\"https:\/\/schule-katzwang.de\/wp-content\/uploads\/2024\/01\/image-4.png\" alt=\"\" class=\"wp-image-3322\" srcset=\"https:\/\/schule-katzwang.de\/wp-content\/uploads\/2024\/01\/image-4.png 276w, https:\/\/schule-katzwang.de\/wp-content\/uploads\/2024\/01\/image-4-227x300.png 227w\" sizes=\"auto, (max-width: 276px) 100vw, 276px\" \/><\/a><\/figure>\n<\/div>\n<\/div>\n\n\n\n<p>Die Klassensprecher \u00fcberreichten zuletzt die Geschenke f\u00fcr die Bewohner des Hauses. Es wurde uns versichert, dass alles gerne vorgelesen, aufgeh\u00e4ngt und auch zum Schm\u00fccken im n\u00e4chsten Jahr wieder verwendet werde. Dann erhielt jeder von uns einen leckeren Schokoladenlutscher als Dankesch\u00f6n. Mmmmm!!!<\/p>\n\n\n\n<h2 class=\"wp-block-heading has-large-font-size\">3a<\/h2>\n\n\n\n<figure class=\"wp-block-image size-full is-resized\"><a href=\"https:\/\/schule-katzwang.de\/wp-content\/uploads\/2023\/12\/image.png\"><img loading=\"lazy\" decoding=\"async\" width=\"777\" height=\"558\" src=\"https:\/\/schule-katzwang.de\/wp-content\/uploads\/2023\/12\/image.png\" alt=\"\" class=\"wp-image-3303\" style=\"width:614px;height:auto\" srcset=\"https:\/\/schule-katzwang.de\/wp-content\/uploads\/2023\/12\/image.png 777w, https:\/\/schule-katzwang.de\/wp-content\/uploads\/2023\/12\/image-300x215.png 300w, https:\/\/schule-katzwang.de\/wp-content\/uploads\/2023\/12\/image-768x552.png 768w, https:\/\/schule-katzwang.de\/wp-content\/uploads\/2023\/12\/image-418x300.png 418w\" sizes=\"auto, (max-width: 777px) 100vw, 777px\" \/><\/a><\/figure>\n\n\n\n<figure class=\"wp-block-image size-full\"><a href=\"https:\/\/schule-katzwang.de\/wp-content\/uploads\/2023\/12\/image-1.png\"><img loading=\"lazy\" decoding=\"async\" width=\"758\" height=\"238\" src=\"https:\/\/schule-katzwang.de\/wp-content\/uploads\/2023\/12\/image-1.png\" alt=\"\" class=\"wp-image-3305\" srcset=\"https:\/\/schule-katzwang.de\/wp-content\/uploads\/2023\/12\/image-1.png 758w, https:\/\/schule-katzwang.de\/wp-content\/uploads\/2023\/12\/image-1-300x94.png 300w, https:\/\/schule-katzwang.de\/wp-content\/uploads\/2023\/12\/image-1-500x157.png 500w\" sizes=\"auto, (max-width: 758px) 100vw, 758px\" \/><\/a><\/figure>\n\n\n\n<figure class=\"wp-block-image size-full\"><a href=\"https:\/\/schule-katzwang.de\/wp-content\/uploads\/2024\/05\/image-1.png\"><img loading=\"lazy\" decoding=\"async\" width=\"748\" height=\"356\" src=\"https:\/\/schule-katzwang.de\/wp-content\/uploads\/2024\/05\/image-1.png\" alt=\"\" class=\"wp-image-3459\" srcset=\"https:\/\/schule-katzwang.de\/wp-content\/uploads\/2024\/05\/image-1.png 748w, https:\/\/schule-katzwang.de\/wp-content\/uploads\/2024\/05\/image-1-300x143.png 300w, https:\/\/schule-katzwang.de\/wp-content\/uploads\/2024\/05\/image-1-500x238.png 500w\" sizes=\"auto, (max-width: 748px) 100vw, 748px\" \/><\/a><\/figure>\n\n\n\n<figure class=\"wp-block-image size-full\"><a href=\"https:\/\/schule-katzwang.de\/wp-content\/uploads\/2024\/05\/image.png\"><img loading=\"lazy\" decoding=\"async\" width=\"721\" height=\"290\" src=\"https:\/\/schule-katzwang.de\/wp-content\/uploads\/2024\/05\/image.png\" alt=\"\" class=\"wp-image-3458\" srcset=\"https:\/\/schule-katzwang.de\/wp-content\/uploads\/2024\/05\/image.png 721w, https:\/\/schule-katzwang.de\/wp-content\/uploads\/2024\/05\/image-300x121.png 300w, https:\/\/schule-katzwang.de\/wp-content\/uploads\/2024\/05\/image-500x201.png 500w\" sizes=\"auto, (max-width: 721px) 100vw, 721px\" \/><\/a><\/figure>\n\n\n\n<figure class=\"wp-block-image size-full\"><a href=\"https:\/\/schule-katzwang.de\/wp-content\/uploads\/2024\/05\/image-2.png\"><img loading=\"lazy\" decoding=\"async\" width=\"752\" height=\"326\" src=\"https:\/\/schule-katzwang.de\/wp-content\/uploads\/2024\/05\/image-2.png\" alt=\"\" class=\"wp-image-3460\" srcset=\"https:\/\/schule-katzwang.de\/wp-content\/uploads\/2024\/05\/image-2.png 752w, https:\/\/schule-katzwang.de\/wp-content\/uploads\/2024\/05\/image-2-300x130.png 300w, https:\/\/schule-katzwang.de\/wp-content\/uploads\/2024\/05\/image-2-500x217.png 500w\" sizes=\"auto, (max-width: 752px) 100vw, 752px\" \/><\/a><\/figure>\n\n\n\n<figure class=\"wp-block-image size-full\"><a href=\"https:\/\/schule-katzwang.de\/wp-content\/uploads\/2024\/05\/image-3.png\"><img loading=\"lazy\" decoding=\"async\" width=\"743\" height=\"155\" src=\"https:\/\/schule-katzwang.de\/wp-content\/uploads\/2024\/05\/image-3.png\" alt=\"\" class=\"wp-image-3461\" srcset=\"https:\/\/schule-katzwang.de\/wp-content\/uploads\/2024\/05\/image-3.png 743w, https:\/\/schule-katzwang.de\/wp-content\/uploads\/2024\/05\/image-3-300x63.png 300w, https:\/\/schule-katzwang.de\/wp-content\/uploads\/2024\/05\/image-3-500x104.png 500w\" sizes=\"auto, (max-width: 743px) 100vw, 743px\" \/><\/a><\/figure>\n\n\n\n<p><\/p>\n\n\n\n<h2 class=\"wp-block-heading has-large-font-size\">3b<\/h2>\n\n\n\n<p class=\"has-medium-font-size\"><strong>Vorlesetag am 17. November 2023 in der Klasse 3b<\/strong><\/p>\n\n\n\n<p>Lesef\u00f6rderung ist in unserer Klasse besonders wichtig. So d\u00fcrfen zwei Kleingruppen jede Woche in der gem\u00fctlichen Atmosph\u00e4re des \u201eLesemobils\u201c intensiv \u00fcben. Zus\u00e4tzlich konnten wir Frau Windt als Lesepatin f\u00fcr uns gewinnen, die zwei weitere Kinder einmal w\u00f6chentlich in die sch\u00f6ne Welt der B\u00fccher mitnimmt. Viele Sch\u00fcler arbeiten flei\u00dfig mit ihrem Lautlesepass und dem Leseprogramm \u201eAntolin\u201c zu Hause.<\/p>\n\n\n\n<p>Die \u201eLesewochen\u201c an unserer Schule waren wie jedes Jahr ein gelungenes Highlight. Nach dem gelungenen B\u00fccherflohmarkt vom 10. November, bei dem viele B\u00fccher verkauft und f\u00fcr wenig Geld neu angeschafft werden konnten, waren wir gespannt auf den Vorlesetag. Wer w\u00fcrde uns dieses Mal besuchen? Es war Frau Kadler, eine Pensionistin und ehrenamtliche Lesepatin, die schon h\u00e4ufig an verschiedenen Schulen vorgelesen hatte. Sie \u00fcberraschte uns mit diesem fantasievollen Kinderbuch, das wir bisher noch nicht kannten:<\/p>\n\n\n\n<figure class=\"wp-block-image size-full\"><a href=\"https:\/\/schule-katzwang.de\/wp-content\/uploads\/2024\/01\/image-5.png\"><img loading=\"lazy\" decoding=\"async\" width=\"772\" height=\"486\" src=\"https:\/\/schule-katzwang.de\/wp-content\/uploads\/2024\/01\/image-5.png\" alt=\"\" class=\"wp-image-3323\" srcset=\"https:\/\/schule-katzwang.de\/wp-content\/uploads\/2024\/01\/image-5.png 772w, https:\/\/schule-katzwang.de\/wp-content\/uploads\/2024\/01\/image-5-300x189.png 300w, https:\/\/schule-katzwang.de\/wp-content\/uploads\/2024\/01\/image-5-768x483.png 768w, https:\/\/schule-katzwang.de\/wp-content\/uploads\/2024\/01\/image-5-477x300.png 477w\" sizes=\"auto, (max-width: 772px) 100vw, 772px\" \/><\/a><\/figure>\n\n\n\n<figure class=\"wp-block-image size-full\"><a href=\"https:\/\/schule-katzwang.de\/wp-content\/uploads\/2024\/01\/image-6.png\"><img loading=\"lazy\" decoding=\"async\" width=\"756\" height=\"288\" src=\"https:\/\/schule-katzwang.de\/wp-content\/uploads\/2024\/01\/image-6.png\" alt=\"\" class=\"wp-image-3324\" srcset=\"https:\/\/schule-katzwang.de\/wp-content\/uploads\/2024\/01\/image-6.png 756w, https:\/\/schule-katzwang.de\/wp-content\/uploads\/2024\/01\/image-6-300x114.png 300w, https:\/\/schule-katzwang.de\/wp-content\/uploads\/2024\/01\/image-6-500x190.png 500w\" sizes=\"auto, (max-width: 756px) 100vw, 756px\" \/><\/a><\/figure>\n\n\n\n<h2 class=\"wp-block-heading has-large-font-size\">3c<\/h2>\n","protected":false},"excerpt":{"rendered":"<p>Weihnachtsaktion der dritten Klassen f\u00fcr das Pflegeheim Hess Bei unserem traditionellen Besuch der Senioren in der Adventszeit gaben sich in diesem Jahr die dritten Klassen besondere M\u00fche. So wurden zun\u00e4chst in der Schule flei\u00dfig Sterne, Engel und Karten gebastelt. Au\u00dferdem dichteten wir eigene \u201eAkrostichons\u201c zum Begriff \u201eADVENT\u201c. Nat\u00fcrlich durfte auch das Ein\u00fcben von Weihnachtsliedern nicht &hellip; <a href=\"https:\/\/schule-katzwang.de\/?page_id=1293\" class=\"more-link\"><span class=\"screen-reader-text\">3. Klassen<\/span> weiterlesen<\/a><\/p>\n","protected":false},"author":1,"featured_media":0,"parent":1287,"menu_order":3,"comment_status":"closed","ping_status":"closed","template":"","meta":{"ngg_post_thumbnail":0,"footnotes":""},"class_list":["post-1293","page","type-page","status-publish","hentry"],"_links":{"self":[{"href":"https:\/\/schule-katzwang.de\/index.php?rest_route=\/wp\/v2\/pages\/1293","targetHints":{"allow":["GET"]}}],"collection":[{"href":"https:\/\/schule-katzwang.de\/index.php?rest_route=\/wp\/v2\/pages"}],"about":[{"href":"https:\/\/schule-katzwang.de\/index.php?rest_route=\/wp\/v2\/types\/page"}],"author":[{"embeddable":true,"href":"https:\/\/schule-katzwang.de\/index.php?rest_route=\/wp\/v2\/users\/1"}],"replies":[{"embeddable":true,"href":"https:\/\/schule-katzwang.de\/index.php?rest_route=%2Fwp%2Fv2%2Fcomments&post=1293"}],"version-history":[{"count":8,"href":"https:\/\/schule-katzwang.de\/index.php?rest_route=\/wp\/v2\/pages\/1293\/revisions"}],"predecessor-version":[{"id":3462,"href":"https:\/\/schule-katzwang.de\/index.php?rest_route=\/wp\/v2\/pages\/1293\/revisions\/3462"}],"up":[{"embeddable":true,"href":"https:\/\/schule-katzwang.de\/index.php?rest_route=\/wp\/v2\/pages\/1287"}],"wp:attachment":[{"href":"https:\/\/schule-katzwang.de\/index.php?rest_route=%2Fwp%2Fv2%2Fmedia&parent=1293"}],"curies":[{"name":"wp","href":"https:\/\/api.w.org\/{rel}","templated":true}]}}