{"id":1281,"date":"2019-11-21T12:37:20","date_gmt":"2019-11-21T12:37:20","guid":{"rendered":"http:\/\/schule-katzwang.de\/?page_id=1281"},"modified":"2026-04-25T09:08:32","modified_gmt":"2026-04-25T09:08:32","slug":"verwaltug","status":"publish","type":"page","link":"https:\/\/schule-katzwang.de\/?page_id=1281","title":{"rendered":"Verwaltung | Sekretariat"},"content":{"rendered":"\n<h6 class=\"wp-block-heading has-dark-gray-color has-electric-grass-gradient-background has-text-color has-background has-small-font-size\">Ansprechpersonen:<\/h6>\n\n\n\n<ul class=\"wp-block-list\">\n<li class=\"has-medium-font-size\">Frau J. Giesen<\/li>\n\n\n\n<li class=\"has-medium-font-size\">Frau S. Weingerl<\/li>\n<\/ul>\n\n\n\n<h6 class=\"wp-block-heading has-pale-ocean-gradient-background has-background has-small-font-size\">\u00d6ffnungszeiten des Sekretariats:<\/h6>\n\n\n\n<ul class=\"wp-block-list\">\n<li class=\"has-medium-font-size\">Montag bis Freitag: 8.00 &#8211; 13.00 Uhr <\/li>\n\n\n\n<li class=\"has-medium-font-size\">Termine auch nach Vereinbarung<\/li>\n\n\n\n<li>In den Ferienzeiten k\u00f6nnen andere \u00d6ffnungszeiten gelten.<\/li>\n<\/ul>\n\n\n\n<p class=\"has-luminous-vivid-amber-to-luminous-vivid-orange-gradient-background has-background has-small-font-size\">Krankmeldungen \/ Entschuldigungen: Telefonische Entschuldigungen bitten wir Sie vor 07:45 Uhr vorzunehmen, da die unterrichtenden Lehrkr\u00e4fte verst\u00e4ndigt werden m\u00fcssen. Bei gemeinsamen Schulveranstaltungen au\u00dferhalb des Stundenplans (bspw. Schulfest, Sportfest, Tag der offenen T\u00fcr), besteht Anwesenheitspflicht.<\/p>\n\n\n\n<p><\/p>\n","protected":false},"excerpt":{"rendered":"<p>Ansprechpersonen: \u00d6ffnungszeiten des Sekretariats: Krankmeldungen \/ Entschuldigungen: Telefonische Entschuldigungen bitten wir Sie vor 07:45 Uhr vorzunehmen, da die unterrichtenden Lehrkr\u00e4fte verst\u00e4ndigt werden m\u00fcssen. Bei gemeinsamen Schulveranstaltungen au\u00dferhalb des Stundenplans (bspw. Schulfest, Sportfest, Tag der offenen T\u00fcr), besteht Anwesenheitspflicht.<\/p>\n","protected":false},"author":1,"featured_media":0,"parent":1277,"menu_order":2,"comment_status":"closed","ping_status":"closed","template":"","meta":{"ngg_post_thumbnail":0,"footnotes":""},"class_list":["post-1281","page","type-page","status-publish","hentry"],"_links":{"self":[{"href":"https:\/\/schule-katzwang.de\/index.php?rest_route=\/wp\/v2\/pages\/1281","targetHints":{"allow":["GET"]}}],"collection":[{"href":"https:\/\/schule-katzwang.de\/index.php?rest_route=\/wp\/v2\/pages"}],"about":[{"href":"https:\/\/schule-katzwang.de\/index.php?rest_route=\/wp\/v2\/types\/page"}],"author":[{"embeddable":true,"href":"https:\/\/schule-katzwang.de\/index.php?rest_route=\/wp\/v2\/users\/1"}],"replies":[{"embeddable":true,"href":"https:\/\/schule-katzwang.de\/index.php?rest_route=%2Fwp%2Fv2%2Fcomments&post=1281"}],"version-history":[{"count":12,"href":"https:\/\/schule-katzwang.de\/index.php?rest_route=\/wp\/v2\/pages\/1281\/revisions"}],"predecessor-version":[{"id":3702,"href":"https:\/\/schule-katzwang.de\/index.php?rest_route=\/wp\/v2\/pages\/1281\/revisions\/3702"}],"up":[{"embeddable":true,"href":"https:\/\/schule-katzwang.de\/index.php?rest_route=\/wp\/v2\/pages\/1277"}],"wp:attachment":[{"href":"https:\/\/schule-katzwang.de\/index.php?rest_route=%2Fwp%2Fv2%2Fmedia&parent=1281"}],"curies":[{"name":"wp","href":"https:\/\/api.w.org\/{rel}","templated":true}]}}