{"id":1085,"date":"2018-05-22T14:56:45","date_gmt":"2018-05-22T14:56:45","guid":{"rendered":"http:\/\/schule-katzwang.de\/?page_id=1085"},"modified":"2019-12-05T10:20:19","modified_gmt":"2019-12-05T10:20:19","slug":"datenschutzerklaerung","status":"publish","type":"page","link":"https:\/\/schule-katzwang.de\/?page_id=1085","title":{"rendered":"Datenschutzerkl\u00e4rung"},"content":{"rendered":"<p><strong>Datenschutzhinweise <\/strong><\/p>\n<p>Grund- und Mittelschule N\u00fcrnberg-Katzwang<\/p>\n<p>Katzwanger Hauptstra\u00dfe 19<\/p>\n<p>90453 N\u00fcrnberg<\/p>\n<table>\n<tbody>\n<tr>\n<td>Telefon:<\/td>\n<td>09122 77410<\/td>\n<\/tr>\n<tr>\n<td>Telefax:<\/td>\n<td>09122 635966<\/td>\n<\/tr>\n<tr>\n<td>E-Mail:<\/td>\n<td>vs.katzwang@gmx.de<\/td>\n<\/tr>\n<\/tbody>\n<\/table>\n<p><strong>Kontaktdaten des\/der Datenschutzbeauftragten <\/strong><\/p>\n<p>Mario Schmiedel<\/p>\n<p>Staatliches Schulamt<br \/>\nin der Stadt N\u00fcrnberg<br \/>\nLina-Ammon-Stra\u00dfe 28<br \/>\n90471 N\u00fcrnberg<\/p>\n<p><strong>Zwecke und Rechtsgrundlagen f\u00fcr die Verarbeitung Ihrer Daten<\/strong><\/p>\n<p>Wir verarbeiten personenbezogene Daten zur Erf\u00fcllung des Bildungs- und Erziehungsauftrags, den das Bayerische Gesetz \u00fcber das Erziehungs- und Unterrichtswesen (BayEUG) den Schulen zuweist.<\/p>\n<p>Die Rechtsgrundlage f\u00fcr die Verarbeitung Ihrer Daten ergibt sich, soweit im Folgenden nichts anderes angegeben ist, aus Art. 85 des Bayerischen Erziehungs- und Unterrichtsgesetztes (BayEUG) in Verbindung mit Art. 6 Abs. 1 UAbs. 1 Buchstabe e der Datenschutzgrundverordnung (DSGVO).<\/p>\n<p>Demnach ist es uns erlaubt, die zur Erf\u00fcllung der schulischen Aufgaben erforderlichen Daten zu verarbeiten.<\/p>\n<p><strong>Ihre Rechte<\/strong><\/p>\n<p>Als Betroffener einer Datenverarbeitung haben Sie die folgenden Rechte:<\/p>\n<ul>\n<li>Sie haben das Recht auf Auskunft \u00fcber die zu Ihrer Person gespeicherten Daten (Art. 15 DSGVO).<\/li>\n<li>Sollten unrichtige personenbezogene Daten verarbeitet werden, steht Ihnen ein Recht auf Berichtigung zu (Art. 16 DSGVO).<\/li>\n<li>Liegen die gesetzlichen Voraussetzungen vor, so k\u00f6nnen Sie die L\u00f6schung oder Einschr\u00e4nkung der Verarbeitung verlangen (Art. 17 und 18 DSGVO).<\/li>\n<li>Wenn Sie in die Datenverarbeitung eingewilligt haben oder ein Vertrag zur Datenverarbeitung besteht und die Datenverarbeitung mithilfe automatisierter Verfahren durchgef\u00fchrt wird, steht Ihnen gegebenenfalls ein Recht auf Daten\u00fcbertragbarkeit zu (Art. 20 DSGVO).<\/li>\n<li>Falls Sie in die Verarbeitung eingewilligt haben und die Verarbeitung auf dieser Einwilligung beruht, k\u00f6nnen Sie die Einwilligung jederzeit f\u00fcr die Zukunft widerrufen. Die Rechtm\u00e4\u00dfigkeit der aufgrund der Einwilligung bis zum Widerruf erfolgten Datenverarbeitung wird durch diesen nicht ber\u00fchrt.<\/li>\n<\/ul>\n<p>Sie haben das Recht, aus Gr\u00fcnden, die sich aus Ihrer besonderen Situation ergeben, jederzeit gegen die Verarbeitung Ihrer Daten <strong>Widerspruch<\/strong> einzulegen, wenn die Verarbeitung auf Grundlage des Art. 6 Abs. 1 UAbs. 1 Buchst. e DSGVO erfolgt (Art. 21 Abs. 1 Satz 1 DSGVO).<\/p>\n<p><strong>Beschwerderecht bei der Aufsichtsbeh\u00f6rde<\/strong><\/p>\n<p>Unabh\u00e4ngig davon besteht ein Beschwerderecht beim Bayerischen Landesbeauftragten f\u00fcr den Datenschutz, den Sie unter folgenden Kontaktdaten erreichen:<\/p>\n<p>Postanschrift: Postfach 22 12 19, 80502 M\u00fcnchen<br \/>\nAdresse: Wagm\u00fcllerstra\u00dfe 18, 80538 M\u00fcnchen<br \/>\nTelefon: 089 212672-0<br \/>\nTelefax: 089 212672-50<\/p>\n<p>E-Mail: <a href=\"mailto:poststelle@datenschutz-bayern.de\">poststelle@datenschutz-bayern.de<\/a><br \/>\nInternet: <a href=\"https:\/\/www.datenschutz-bayern.de\/\">https:\/\/www.datenschutz-bayern.de\/<\/a><\/p>\n<p><strong>Weitere Informationen<\/strong><\/p>\n<p>F\u00fcr n\u00e4here Informationen zur Verarbeitung Ihrer Daten und zu Ihren Rechten k\u00f6nnen Sie uns unter den oben (zu Beginn von A) genannten Kontaktdaten erreichen.<\/p>\n<p><strong>\u00a0Informationen zum Internetauftritt<\/strong><\/p>\n<p><strong>Technische Umsetzung<\/strong><\/p>\n<p>Unser Webserver wird durch Deutschland:<\/p>\n<p>1&amp;1\u00a0IONOS\u00a0SE<\/p>\n<p>Elgendorfer Str. 57<\/p>\n<p>56410 Montabaur<\/p>\n<p>betrieben. Die von Ihnen im Rahmen des Besuchs unseres Webauftritts \u00fcbermittelten personenbezogenen Daten werden daher durch diesen Auftragsverarbeiter in unserem Auftrag verarbeitet.<\/p>\n<p><strong>Protokollierung<\/strong><\/p>\n<p>Wenn Sie diese oder andere Internetseiten aufrufen, \u00fcbermitteln Sie \u00fcber Ihren Internetbrowser Daten an unseren Webserver. Die folgenden Daten werden w\u00e4hrend einer laufenden Verbindung zur Kommunikation zwischen Ihrem Internetbrowser und unserem Webserver aufgezeichnet:<\/p>\n<p>Datum und Uhrzeit der Anforderung<\/p>\n<p>Name der angeforderten Datei<\/p>\n<p>Seite, von der aus die Datei angefordert wurde<\/p>\n<p>Zugriffsstatus (Datei \u00fcbertragen, Datei nicht gefunden, etc.)<\/p>\n<p>verwendete Internetbrowser und verwendetes Betriebssystem<\/p>\n<p>vollst\u00e4ndige IP-Adresse des anfordernden Rechners<\/p>\n<p>\u00fcbertragene Datenmenge.<\/p>\n<p><em><br \/>\n<\/em>Nach Ende der Verbindung werden die Daten durch Verk\u00fcrzung der IP-Adresse auf Domain-Ebene anonymisiert, so dass es nicht mehr m\u00f6glich ist, einen Bezug auf einzelne Nutzer herzustellen.<\/p>\n<p><strong>Aktive Komponenten<\/strong>.<\/p>\n<p>Wir verwenden aktive Komponenten wie Javascript, Java-Applets oder Active-X-Controls. Diese Funktion kann durch die Einstellung Ihres Internetbrowsers von Ihnen abgeschaltet werden.<\/p>\n<p><strong>Cookies<\/strong><\/p>\n<p>Beim Zugriff auf dieses Internetangebot werden von uns Cookies (kleine Dateien) auf Ihrem Ger\u00e4t gespeichert, die f\u00fcr die Dauer Ihres Besuches auf der Internetseite g\u00fcltig sind (\u201esession-cookies\u201c). Wir verwenden diese ausschlie\u00dflich w\u00e4hrend Ihres Besuchs unserer Internetseite. Die meisten Browser sind so eingestellt, dass sie die Verwendung von Cookies akzeptieren, diese Funktion kann aber durch die Einstellung des Internetbrowsers von Ihnen f\u00fcr die laufende Sitzung oder dauerhaft abgeschaltet werden. Nach Ende Ihres Besuches wird Ihr Browser diese Cookies automatisch l\u00f6schen.<\/p>\n<p><strong>Auswertung des Nutzungsverhaltens (Webtracking-Systeme; Reichweitenmessung) <\/strong><\/p>\n<p>Wir f\u00fchren eine Reichweitenmessung nur anhand statistischer Daten (also ohne Nutzung personenbezogener Daten) durch.<\/p>\n<p><strong>Informationen zu weiteren Verarbeitungen <\/strong><\/p>\n<p>Zur Erf\u00fcllung schulischer Aufgaben (Art. 2 BayEUG) verarbeiten wir personenbezogene Daten. Diese Verarbeitung geschieht ausschlie\u00dflich auf den Rechnern der Schule bzw. dem Rechenzentrum der Stadt N\u00fcrnberg und des Kultusministeriums Bayern. Die Vorschriften hier\u00fcber sind in der Schule jederzeit einzusehen. \u00dcber unsere Homepage werden keine personenbezogenen Daten von Sch\u00fclern oder Lehrkr\u00e4ften verwaltet.<\/p>\n","protected":false},"excerpt":{"rendered":"<p>Datenschutzhinweise Grund- und Mittelschule N\u00fcrnberg-Katzwang Katzwanger Hauptstra\u00dfe 19 90453 N\u00fcrnberg Telefon: 09122 77410 Telefax: 09122 635966 E-Mail: vs.katzwang@gmx.de Kontaktdaten des\/der Datenschutzbeauftragten Mario Schmiedel Staatliches Schulamt in der Stadt N\u00fcrnberg Lina-Ammon-Stra\u00dfe 28 90471 N\u00fcrnberg Zwecke und Rechtsgrundlagen f\u00fcr die Verarbeitung Ihrer Daten Wir verarbeiten personenbezogene Daten zur Erf\u00fcllung des Bildungs- und Erziehungsauftrags, den das Bayerische Gesetz &hellip; <a href=\"https:\/\/schule-katzwang.de\/?page_id=1085\" class=\"more-link\"><span class=\"screen-reader-text\">Datenschutzerkl\u00e4rung<\/span> weiterlesen<\/a><\/p>\n","protected":false},"author":1,"featured_media":0,"parent":161,"menu_order":1,"comment_status":"closed","ping_status":"closed","template":"","meta":{"ngg_post_thumbnail":0,"footnotes":""},"class_list":["post-1085","page","type-page","status-publish","hentry"],"_links":{"self":[{"href":"https:\/\/schule-katzwang.de\/index.php?rest_route=\/wp\/v2\/pages\/1085","targetHints":{"allow":["GET"]}}],"collection":[{"href":"https:\/\/schule-katzwang.de\/index.php?rest_route=\/wp\/v2\/pages"}],"about":[{"href":"https:\/\/schule-katzwang.de\/index.php?rest_route=\/wp\/v2\/types\/page"}],"author":[{"embeddable":true,"href":"https:\/\/schule-katzwang.de\/index.php?rest_route=\/wp\/v2\/users\/1"}],"replies":[{"embeddable":true,"href":"https:\/\/schule-katzwang.de\/index.php?rest_route=%2Fwp%2Fv2%2Fcomments&post=1085"}],"version-history":[{"count":6,"href":"https:\/\/schule-katzwang.de\/index.php?rest_route=\/wp\/v2\/pages\/1085\/revisions"}],"predecessor-version":[{"id":1532,"href":"https:\/\/schule-katzwang.de\/index.php?rest_route=\/wp\/v2\/pages\/1085\/revisions\/1532"}],"up":[{"embeddable":true,"href":"https:\/\/schule-katzwang.de\/index.php?rest_route=\/wp\/v2\/pages\/161"}],"wp:attachment":[{"href":"https:\/\/schule-katzwang.de\/index.php?rest_route=%2Fwp%2Fv2%2Fmedia&parent=1085"}],"curies":[{"name":"wp","href":"https:\/\/api.w.org\/{rel}","templated":true}]}}